{"id":1008,"date":"2025-01-23T21:17:48","date_gmt":"2025-01-23T21:17:48","guid":{"rendered":"https:\/\/securlife.com.mx\/?page_id=1008"},"modified":"2025-03-14T10:35:06","modified_gmt":"2025-03-14T16:35:06","slug":"proteccion-patrimonial","status":"publish","type":"page","link":"https:\/\/securlife.com.mx\/en\/proteccion-patrimonial\/","title":{"rendered":"Patrimonial Protection"},"content":{"rendered":"<p>[et_pb_section fb_built=&#8221;1&#8243; custom_padding_last_edited=&#8221;on|desktop&#8221; admin_label=&#8221;Section&#8221; _builder_version=&#8221;4.27.4&#8243; _module_preset=&#8221;default&#8221; custom_margin_tablet=&#8221;&#8221; custom_margin_phone=&#8221;&#8221; custom_margin_last_edited=&#8221;on|desktop&#8221; custom_padding=&#8221;148px||||false|false&#8221; custom_padding_tablet=&#8221;148px||||false|false&#8221; custom_padding_phone=&#8221;148px||||false|false&#8221; global_colors_info=&#8221;{}&#8221;][et_pb_row column_structure=&#8221;3_5,2_5&#8243; _builder_version=&#8221;4.27.4&#8243; _module_preset=&#8221;default&#8221; z_index=&#8221;114&#8243; custom_margin=&#8221;35px||||false|false&#8221; global_colors_info=&#8221;{}&#8221;][et_pb_column type=&#8221;3_5&#8243; admin_label=&#8221;Columna&#8221; _builder_version=&#8221;4.27.4&#8243; _module_preset=&#8221;default&#8221; global_colors_info=&#8221;{}&#8221;][et_pb_heading title=&#8221;PROTECCI\u00d3N PATRIMONIAL&#8221; module_class=&#8221;custom-header&#8221; _builder_version=&#8221;4.27.4&#8243; _module_preset=&#8221;default&#8221; title_font=&#8221;&#8211;et_global_heading_font|900|||||||&#8221; title_text_align=&#8221;left&#8221; title_text_color=&#8221;#FFFFFF&#8221; background_color=&#8221;#1a1a1a&#8221; transform_skew=&#8221;45deg|0deg&#8221; transform_skew_linked=&#8221;off&#8221; custom_margin=&#8221;|||-4em|false|false&#8221; custom_padding=&#8221;1em|3em|1em|4em|true|false&#8221; custom_css_before=&#8221;content:%22%22;||display:block;||position:absolute;||height:1.5px;||width:90%;||background:#1A1A1A;||top:-10%&#8221; custom_css_after=&#8221;content:%22%22;||background:radial-gradient(ellipse at center,  rgba(98,99,100,1) 0%,rgba(42,44,45,1) 100%);;||position:absolute;||display:block;||width:60%;||height:20px;||bottom:-20%;||transform:skewX(45deg) skewY(0deg)&#8221; saved_tabs=&#8221;all&#8221; global_colors_info=&#8221;{}&#8221;][\/et_pb_heading][\/et_pb_column][et_pb_column type=&#8221;2_5&#8243; admin_label=&#8221;Columna&#8221; _builder_version=&#8221;4.27.4&#8243; _module_preset=&#8221;default&#8221; global_colors_info=&#8221;{}&#8221;][\/et_pb_column][\/et_pb_row][\/et_pb_section][et_pb_section fb_built=&#8221;1&#8243; _builder_version=&#8221;4.27.4&#8243; _module_preset=&#8221;default&#8221; custom_margin=&#8221;-77px||0px||false|false&#8221; custom_margin_tablet=&#8221;-144px||||false|false&#8221; custom_margin_phone=&#8221;-144px||||false|false&#8221; custom_margin_last_edited=&#8221;on|phone&#8221; global_colors_info=&#8221;{}&#8221;][et_pb_row use_custom_gutter=&#8221;on&#8221; custom_padding_last_edited=&#8221;on|phone&#8221; _builder_version=&#8221;4.27.4&#8243; _module_preset=&#8221;default&#8221; use_background_color_gradient=&#8221;on&#8221; background_color_gradient_direction=&#8221;90deg&#8221; background_color_gradient_stops=&#8221;#000000 38%|rgba(0,0,0,0) 75%&#8221; background_color_gradient_overlays_image=&#8221;on&#8221; background_image=&#8221;https:\/\/securlife.com.mx\/sitio\/wp-content\/uploads\/2025\/01\/Captura-de-pantalla-2025-01-07-a-las-3.47.51\u202fp.m.png&#8221; background_position=&#8221;center_right&#8221; width_tablet=&#8221;&#8221; width_phone=&#8221;100%&#8221; width_last_edited=&#8221;on|phone&#8221; custom_padding=&#8221;|5em||5em|false|true&#8221; custom_padding_tablet=&#8221;|5em||5em|false|true&#8221; custom_padding_phone=&#8221;|3em||3em|false|true&#8221; animation_style=&#8221;slide&#8221; animation_direction=&#8221;bottom&#8221; animation_duration=&#8221;2000ms&#8221; animation_intensity_slide=&#8221;3%&#8221; border_radii=&#8221;on|10px|10px|10px|10px&#8221; global_colors_info=&#8221;{}&#8221;][et_pb_column type=&#8221;4_4&#8243; _builder_version=&#8221;4.27.4&#8243; _module_preset=&#8221;default&#8221; global_colors_info=&#8221;{}&#8221;][et_pb_heading title=&#8221;PERSONAL ALTAMENTE CAPACITADO&#8221; admin_label=&#8221;T\u00edtulo&#8221; _builder_version=&#8221;4.27.4&#8243; _module_preset=&#8221;default&#8221; title_level=&#8221;h3&#8243; title_font=&#8221;&#8211;et_global_heading_font|900|||||||&#8221; title_text_color=&#8221;#FFFFFF&#8221; title_font_size=&#8221;24px&#8221; custom_margin_tablet=&#8221;|0px||79px|false|false&#8221; custom_margin_phone=&#8221;|0px||30px|false|false&#8221; custom_margin_last_edited=&#8221;off|desktop&#8221; locked=&#8221;off&#8221; global_colors_info=&#8221;{}&#8221;][\/et_pb_heading][et_pb_text _builder_version=&#8221;4.27.4&#8243; _module_preset=&#8221;default&#8221; text_font=&#8221;&#8211;et_global_body_font||||||||&#8221; text_text_color=&#8221;#FFFFFF&#8221; text_font_size=&#8221;16px&#8221; custom_margin_tablet=&#8221;|0px||0px|false|false&#8221; custom_margin_phone=&#8221;|0px||0px|false|false&#8221; custom_margin_last_edited=&#8221;on|phone&#8221; locked=&#8221;off&#8221; global_colors_info=&#8221;{}&#8221;]<\/p>\n<p>Specialized Security Guards provide the Surveillance Service providing the desired solution as they are adequately trained to meet the security needs demanded by our customers.<\/p>\n<p>[\/et_pb_text][et_pb_heading title=&#8221;EQUIPAMENTO OFICIALES DE NUESTROS GUARDIAS DE SEGURIDAD&#8221; admin_label=&#8221;T\u00edtulo&#8221; _builder_version=&#8221;4.27.4&#8243; _module_preset=&#8221;default&#8221; title_level=&#8221;h3&#8243; title_font=&#8221;&#8211;et_global_heading_font|900|||||||&#8221; title_text_color=&#8221;#FFFFFF&#8221; title_font_size=&#8221;24px&#8221; custom_margin_tablet=&#8221;|0px||79px|false|false&#8221; custom_margin_phone=&#8221;|0px||30px|false|false&#8221; custom_margin_last_edited=&#8221;off|desktop&#8221; locked=&#8221;off&#8221; global_colors_info=&#8221;{}&#8221;][\/et_pb_heading][et_pb_text _builder_version=&#8221;4.27.4&#8243; _module_preset=&#8221;default&#8221; text_font=&#8221;&#8211;et_global_body_font||||||||&#8221; text_text_color=&#8221;#FFFFFF&#8221; text_font_size=&#8221;16px&#8221; header_font=&#8221;&#8211;et_global_heading_font|500|||||||&#8221; custom_margin_tablet=&#8221;|0px||0px|false|false&#8221; custom_margin_phone=&#8221;|0px||0px|false|false&#8221; custom_margin_last_edited=&#8221;on|phone&#8221; locked=&#8221;off&#8221; global_colors_info=&#8221;{}&#8221;]<\/p>\n<ul>\n<li><span style=\"font-weight: 400;\">Complete Uniform <\/span><\/li>\n<li><span style=\"font-weight: 400;\">Industrial Shoes<\/span><\/li>\n<li><span style=\"font-weight: 400;\">Reflective Vest <\/span><\/li>\n<li><span style=\"font-weight: 400;\">Communication Radios <\/span><\/li>\n<li><span style=\"font-weight: 400;\">Lamp <\/span><\/li>\n<li><span style=\"font-weight: 400;\">Tear Gas <\/span><\/li>\n<li><span style=\"font-weight: 400;\">Handcuffs <\/span><\/li>\n<\/ul>\n<p>[\/et_pb_text][\/et_pb_column][\/et_pb_row][\/et_pb_section][et_pb_section fb_built=&#8221;1&#8243; custom_padding_last_edited=&#8221;on|tablet&#8221; admin_label=&#8221;Section&#8221; _builder_version=&#8221;4.27.4&#8243; _module_preset=&#8221;default&#8221; background_color=&#8221;#868686&#8243; custom_margin=&#8221;0px||0px||true|false&#8221; custom_margin_tablet=&#8221;0px||0px||true|false&#8221; custom_margin_phone=&#8221;43px||6px||false|false&#8221; custom_margin_last_edited=&#8221;on|phone&#8221; custom_padding=&#8221;20px||20px||true|false&#8221; custom_padding_tablet=&#8221;20px||59px||false|false&#8221; custom_padding_phone=&#8221;20px||59px||false|false&#8221; animation_style=&#8221;fade&#8221; animation_duration=&#8221;2000ms&#8221; global_colors_info=&#8221;{}&#8221;][et_pb_row column_structure=&#8221;1_4,1_4,1_4,1_4&#8243; custom_padding_last_edited=&#8221;on|desktop&#8221; admin_label=&#8221;Row&#8221; _builder_version=&#8221;4.27.4&#8243; _module_preset=&#8221;default&#8221; custom_margin=&#8221;0px||0px||false|false&#8221; custom_margin_tablet=&#8221;||-40px||false|false&#8221; custom_margin_phone=&#8221;||-40px||false|false&#8221; custom_margin_last_edited=&#8221;on|desktop&#8221; custom_padding=&#8221;0px||0px||false|false&#8221; custom_padding_tablet=&#8221;||0px||false|false&#8221; custom_padding_phone=&#8221;||0px||false|false&#8221; global_colors_info=&#8221;{}&#8221;][et_pb_column type=&#8221;1_4&#8243; admin_label=&#8221;Column&#8221; _builder_version=&#8221;4.27.4&#8243; _module_preset=&#8221;default&#8221; global_colors_info=&#8221;{}&#8221;][et_pb_text module_class=&#8221;checkIcon&#8221; _builder_version=&#8221;4.27.4&#8243; _module_preset=&#8221;default&#8221; text_font=&#8221;&#8211;et_global_heading_font|900|||||||&#8221; text_text_color=&#8221;#FFFFFF&#8221; text_font_size=&#8221;18px&#8221; header_font=&#8221;&#8211;et_global_heading_font|900|||||||&#8221; text_orientation=&#8221;center&#8221; custom_margin=&#8221;0px||0px||false|false&#8221; custom_margin_last_edited=&#8221;off|phone&#8221; custom_padding=&#8221;0px||0px||false|false&#8221; global_colors_info=&#8221;{}&#8221;]<\/p>\n<p><span data-metadata=\"&lt;!--(figmeta)eyJmaWxlS2V5IjoicUlabVc2VWVsZTRFQ1JjMHhmbWppMCIsInBhc3RlSUQiOjE0NDExOTE4ODcsImRhdGFUeXBlIjoic2NlbmUifQo=(\/figmeta)--&gt;\">TRAINED GUARDS<\/span><\/p>\n<p>[\/et_pb_text][\/et_pb_column][et_pb_column type=&#8221;1_4&#8243; _builder_version=&#8221;4.27.4&#8243; _module_preset=&#8221;default&#8221; global_colors_info=&#8221;{}&#8221;][et_pb_text module_class=&#8221;checkIcon&#8221; _builder_version=&#8221;4.27.4&#8243; _module_preset=&#8221;default&#8221; text_font=&#8221;&#8211;et_global_heading_font|900|||||||&#8221; text_text_color=&#8221;#FFFFFF&#8221; text_font_size=&#8221;18px&#8221; header_font=&#8221;&#8211;et_global_heading_font|900|||||||&#8221; text_orientation=&#8221;center&#8221; custom_margin=&#8221;0px||0px||false|false&#8221; custom_padding=&#8221;0px||0px||false|false&#8221; global_colors_info=&#8221;{}&#8221;]<\/p>\n<p><span>QUALITY UNIFORMS<\/span><\/p>\n<p>[\/et_pb_text][\/et_pb_column][et_pb_column type=&#8221;1_4&#8243; _builder_version=&#8221;4.27.4&#8243; _module_preset=&#8221;default&#8221; global_colors_info=&#8221;{}&#8221;][et_pb_text admin_label=&#8221;Text&#8221; module_class=&#8221;checkIcon&#8221; _builder_version=&#8221;4.27.4&#8243; _module_preset=&#8221;default&#8221; text_font=&#8221;&#8211;et_global_heading_font|900|||||||&#8221; text_text_color=&#8221;#FFFFFF&#8221; text_font_size=&#8221;18px&#8221; header_font=&#8221;&#8211;et_global_heading_font|900|||||||&#8221; text_orientation=&#8221;center&#8221; custom_margin=&#8221;0px||0px||false|false&#8221; custom_padding=&#8221;0px||0px||false|false&#8221; global_colors_info=&#8221;{}&#8221;]<\/p>\n<p><span>CERTIFIED QUALITY<\/span><\/p>\n<p>[\/et_pb_text][\/et_pb_column][et_pb_column type=&#8221;1_4&#8243; _builder_version=&#8221;4.27.4&#8243; _module_preset=&#8221;default&#8221; global_colors_info=&#8221;{}&#8221;][et_pb_text module_class=&#8221;checkIcon&#8221; _builder_version=&#8221;4.27.4&#8243; _module_preset=&#8221;default&#8221; text_font=&#8221;&#8211;et_global_heading_font|900|||||||&#8221; text_text_color=&#8221;#FFFFFF&#8221; text_font_size=&#8221;18px&#8221; header_font=&#8221;&#8211;et_global_heading_font|900|||||||&#8221; text_orientation=&#8221;center&#8221; custom_margin=&#8221;0px||0px||false|false&#8221; custom_padding=&#8221;0px||0px||false|false&#8221; global_colors_info=&#8221;{}&#8221;]<\/p>\n<p><span>PROFESSIONAL LABEL<\/span><\/p>\n<p>[\/et_pb_text][\/et_pb_column][\/et_pb_row][\/et_pb_section][et_pb_section fb_built=&#8221;1&#8243; _builder_version=&#8221;4.27.4&#8243; _module_preset=&#8221;default&#8221; custom_margin=&#8221;||||true&#8221; global_colors_info=&#8221;{}&#8221;][et_pb_row column_structure=&#8221;3_5,2_5&#8243; _builder_version=&#8221;4.27.4&#8243; _module_preset=&#8221;default&#8221; global_colors_info=&#8221;{}&#8221;][et_pb_column type=&#8221;3_5&#8243; _builder_version=&#8221;4.27.4&#8243; _module_preset=&#8221;default&#8221; global_colors_info=&#8221;{}&#8221;][et_pb_heading title=&#8221;PERFIL DE NUESTROS GUARDIAS DE SEGURIDAD&#8221; module_class=&#8221;custom-header&#8221; _builder_version=&#8221;4.27.4&#8243; _module_preset=&#8221;default&#8221; title_font=&#8221;&#8211;et_global_heading_font|900|||||||&#8221; title_text_align=&#8221;left&#8221; title_text_color=&#8221;#FFFFFF&#8221; background_color=&#8221;#1a1a1a&#8221; transform_skew=&#8221;45deg|0deg&#8221; transform_skew_linked=&#8221;off&#8221; custom_margin=&#8221;|||-3em|false|false&#8221; custom_padding=&#8221;1em|3em|1em|4em|true|false&#8221; custom_css_before=&#8221;content:%22%22;||display:block;||position:absolute;||height:1.5px;||width:90%;||background:#1A1A1A;||top:-10%&#8221; custom_css_after=&#8221;content:%22%22;||background:radial-gradient(ellipse at center,  rgba(98,99,100,1) 0%,rgba(42,44,45,1) 100%);;||position:absolute;||display:block;||width:60%;||height:20px;||bottom:-20%;||transform:skewX(45deg) skewY(0deg)&#8221; saved_tabs=&#8221;all&#8221; global_colors_info=&#8221;{}&#8221;][\/et_pb_heading][\/et_pb_column][et_pb_column type=&#8221;2_5&#8243; _builder_version=&#8221;4.27.4&#8243; _module_preset=&#8221;default&#8221; global_colors_info=&#8221;{}&#8221;][et_pb_image src=&#8221;https:\/\/securlife.com.mx\/sitio\/wp-content\/uploads\/2025\/01\/Frame-280-2.png&#8221; title_text=&#8221;Frame 280&#8243; _builder_version=&#8221;4.27.4&#8243; _module_preset=&#8221;default&#8221; custom_margin=&#8221;|-226px||90px|false|false&#8221; animation_style=&#8221;slide&#8221; animation_direction=&#8221;right&#8221; animation_duration=&#8221;2000ms&#8221; animation_intensity_slide=&#8221;3%&#8221; global_colors_info=&#8221;{}&#8221;][\/et_pb_image][\/et_pb_column][\/et_pb_row][et_pb_row column_structure=&#8221;1_5,1_5,1_5,1_5,1_5&#8243; _builder_version=&#8221;4.27.4&#8243; _module_preset=&#8221;default&#8221; animation_style=&#8221;slide&#8221; animation_direction=&#8221;bottom&#8221; animation_duration=&#8221;2000ms&#8221; animation_intensity_slide=&#8221;3%&#8221; global_colors_info=&#8221;{}&#8221;][et_pb_column type=&#8221;1_5&#8243; _builder_version=&#8221;4.27.4&#8243; _module_preset=&#8221;default&#8221; global_colors_info=&#8221;{}&#8221;][et_pb_image src=&#8221;https:\/\/securlife.com.mx\/sitio\/wp-content\/uploads\/2025\/01\/1.png&#8221; title_text=&#8221;1&#8243; align=&#8221;center&#8221; _builder_version=&#8221;4.27.4&#8243; _module_preset=&#8221;default&#8221; global_colors_info=&#8221;{}&#8221;][\/et_pb_image][et_pb_heading title=&#8221;Excelente Presentaci\u00f3n&#8221; _builder_version=&#8221;4.27.4&#8243; _module_preset=&#8221;default&#8221; title_level=&#8221;h4&#8243; title_font=&#8221;&#8211;et_global_heading_font|900|||||||&#8221; title_text_align=&#8221;center&#8221; hover_enabled=&#8221;0&#8243; global_colors_info=&#8221;{}&#8221; sticky_enabled=&#8221;0&#8243;][\/et_pb_heading][\/et_pb_column][et_pb_column type=&#8221;1_5&#8243; _builder_version=&#8221;4.27.4&#8243; _module_preset=&#8221;default&#8221; global_colors_info=&#8221;{}&#8221;][et_pb_image src=&#8221;https:\/\/securlife.com.mx\/sitio\/wp-content\/uploads\/2025\/01\/2.png&#8221; title_text=&#8221;2&#8243; align=&#8221;center&#8221; _builder_version=&#8221;4.27.4&#8243; _module_preset=&#8221;default&#8221; global_colors_info=&#8221;{}&#8221;][\/et_pb_image][et_pb_heading title=&#8221;Edad Entre 21 y 50 a\u00f1os&#8221; title_tablet=&#8221;Edad entre 21 y 45 a\u00f1os&#8221; title_phone=&#8221;Edad entre 21 y 45 a\u00f1os&#8221; title_last_edited=&#8221;on|desktop&#8221; _builder_version=&#8221;4.27.4&#8243; _module_preset=&#8221;default&#8221; title_level=&#8221;h4&#8243; title_font=&#8221;&#8211;et_global_heading_font|900|||||||&#8221; title_text_align=&#8221;center&#8221; hover_enabled=&#8221;0&#8243; global_colors_info=&#8221;{}&#8221; sticky_enabled=&#8221;0&#8243;][\/et_pb_heading][\/et_pb_column][et_pb_column type=&#8221;1_5&#8243; _builder_version=&#8221;4.27.4&#8243; _module_preset=&#8221;default&#8221; global_colors_info=&#8221;{}&#8221;][et_pb_image src=&#8221;https:\/\/securlife.com.mx\/sitio\/wp-content\/uploads\/2025\/01\/3.png&#8221; title_text=&#8221;3&#8243; align=&#8221;center&#8221; _builder_version=&#8221;4.27.4&#8243; _module_preset=&#8221;default&#8221; global_colors_info=&#8221;{}&#8221;][\/et_pb_image][et_pb_heading title=&#8221;Estado Civil Indistinto&#8221; _builder_version=&#8221;4.27.4&#8243; _module_preset=&#8221;default&#8221; title_level=&#8221;h4&#8243; title_font=&#8221;&#8211;et_global_heading_font|900|||||||&#8221; title_text_align=&#8221;center&#8221; hover_enabled=&#8221;0&#8243; global_colors_info=&#8221;{}&#8221; sticky_enabled=&#8221;0&#8243;][\/et_pb_heading][\/et_pb_column][et_pb_column type=&#8221;1_5&#8243; _builder_version=&#8221;4.27.4&#8243; _module_preset=&#8221;default&#8221; global_colors_info=&#8221;{}&#8221;][et_pb_image src=&#8221;https:\/\/securlife.com.mx\/sitio\/wp-content\/uploads\/2025\/01\/4.png&#8221; title_text=&#8221;4&#8243; align=&#8221;center&#8221; _builder_version=&#8221;4.27.4&#8243; _module_preset=&#8221;default&#8221; global_colors_info=&#8221;{}&#8221;][\/et_pb_image][et_pb_heading title=&#8221;Estudios M\u00ednimos De Secundaria&#8221; _builder_version=&#8221;4.27.4&#8243; _module_preset=&#8221;default&#8221; title_level=&#8221;h4&#8243; title_font=&#8221;&#8211;et_global_heading_font|900|||||||&#8221; title_text_align=&#8221;center&#8221; custom_margin=&#8221;|-24px||-24px|false|true&#8221; hover_enabled=&#8221;0&#8243; global_colors_info=&#8221;{}&#8221; sticky_enabled=&#8221;0&#8243;][\/et_pb_heading][\/et_pb_column][et_pb_column type=&#8221;1_5&#8243; _builder_version=&#8221;4.27.4&#8243; _module_preset=&#8221;default&#8221; global_colors_info=&#8221;{}&#8221;][et_pb_image src=&#8221;https:\/\/securlife.com.mx\/sitio\/wp-content\/uploads\/2025\/01\/5.png&#8221; title_text=&#8221;5&#8243; align=&#8221;right&#8221; _builder_version=&#8221;4.27.4&#8243; _module_preset=&#8221;default&#8221; custom_margin_tablet=&#8221;|-89px|||false|false&#8221; custom_margin_phone=&#8221;|82px|||false|false&#8221; custom_margin_last_edited=&#8221;on|tablet&#8221; global_colors_info=&#8221;{}&#8221;][\/et_pb_image][et_pb_heading title=&#8221;Sexo Indistinto&#8221; _builder_version=&#8221;4.27.4&#8243; _module_preset=&#8221;default&#8221; title_level=&#8221;h4&#8243; title_font=&#8221;&#8211;et_global_heading_font|900|||||||&#8221; title_text_align=&#8221;center&#8221; custom_margin_tablet=&#8221;|-305px|||false|false&#8221; custom_margin_phone=&#8221;|0px|||false|false&#8221; custom_margin_last_edited=&#8221;on|tablet&#8221; hover_enabled=&#8221;0&#8243; global_colors_info=&#8221;{}&#8221; sticky_enabled=&#8221;0&#8243;][\/et_pb_heading][\/et_pb_column][\/et_pb_row][et_pb_row column_structure=&#8221;1_5,1_5,1_5,1_5,1_5&#8243; _builder_version=&#8221;4.27.4&#8243; _module_preset=&#8221;default&#8221; animation_style=&#8221;slide&#8221; animation_direction=&#8221;bottom&#8221; animation_duration=&#8221;2000ms&#8221; animation_intensity_slide=&#8221;3%&#8221; global_colors_info=&#8221;{}&#8221;][et_pb_column type=&#8221;1_5&#8243; _builder_version=&#8221;4.27.4&#8243; _module_preset=&#8221;default&#8221; global_colors_info=&#8221;{}&#8221;][et_pb_image src=&#8221;https:\/\/securlife.com.mx\/sitio\/wp-content\/uploads\/2025\/01\/11-1.png&#8221; title_text=&#8221;11&#8243; align=&#8221;center&#8221; _builder_version=&#8221;4.27.4&#8243; _module_preset=&#8221;default&#8221; global_colors_info=&#8221;{}&#8221;][\/et_pb_image][et_pb_heading title=&#8221;Consulta De Antecedentes Ante La SSP&#8221; _builder_version=&#8221;4.27.4&#8243; _module_preset=&#8221;default&#8221; title_level=&#8221;h4&#8243; title_font=&#8221;&#8211;et_global_heading_font|900|||||||&#8221; title_text_align=&#8221;center&#8221; custom_margin=&#8221;|||||true&#8221; hover_enabled=&#8221;0&#8243; global_colors_info=&#8221;{}&#8221; sticky_enabled=&#8221;0&#8243;][\/et_pb_heading][\/et_pb_column][et_pb_column type=&#8221;1_5&#8243; _builder_version=&#8221;4.27.4&#8243; _module_preset=&#8221;default&#8221; global_colors_info=&#8221;{}&#8221;][et_pb_image src=&#8221;https:\/\/securlife.com.mx\/sitio\/wp-content\/uploads\/2025\/01\/12.png&#8221; title_text=&#8221;12&#8243; align=&#8221;center&#8221; _builder_version=&#8221;4.27.4&#8243; _module_preset=&#8221;default&#8221; global_colors_info=&#8221;{}&#8221;][\/et_pb_image][et_pb_heading title=&#8221;Aprobar La Prueba De Confianza AMITAI&#8221; _builder_version=&#8221;4.27.4&#8243; _module_preset=&#8221;default&#8221; title_level=&#8221;h4&#8243; title_font=&#8221;&#8211;et_global_heading_font|900|||||||&#8221; title_text_align=&#8221;center&#8221; custom_margin=&#8221;|-10px||-10px|false|true&#8221; hover_enabled=&#8221;0&#8243; global_colors_info=&#8221;{}&#8221; sticky_enabled=&#8221;0&#8243;][\/et_pb_heading][\/et_pb_column][et_pb_column type=&#8221;1_5&#8243; _builder_version=&#8221;4.27.4&#8243; _module_preset=&#8221;default&#8221; global_colors_info=&#8221;{}&#8221;][et_pb_image src=&#8221;https:\/\/securlife.com.mx\/sitio\/wp-content\/uploads\/2025\/01\/13.png&#8221; title_text=&#8221;13&#8243; align=&#8221;center&#8221; _builder_version=&#8221;4.27.4&#8243; _module_preset=&#8221;default&#8221; global_colors_info=&#8221;{}&#8221;][\/et_pb_image][et_pb_heading title=&#8221;Aprobar Examen Antidoping&#8221; _builder_version=&#8221;4.27.4&#8243; _module_preset=&#8221;default&#8221; title_level=&#8221;h4&#8243; title_font=&#8221;&#8211;et_global_heading_font|900|||||||&#8221; title_text_align=&#8221;center&#8221; hover_enabled=&#8221;0&#8243; global_colors_info=&#8221;{}&#8221; sticky_enabled=&#8221;0&#8243;][\/et_pb_heading][\/et_pb_column][et_pb_column type=&#8221;1_5&#8243; _builder_version=&#8221;4.27.4&#8243; _module_preset=&#8221;default&#8221; global_colors_info=&#8221;{}&#8221;][et_pb_image src=&#8221;https:\/\/securlife.com.mx\/sitio\/wp-content\/uploads\/2025\/01\/14.png&#8221; title_text=&#8221;14&#8243; align=&#8221;center&#8221; _builder_version=&#8221;4.27.4&#8243; _module_preset=&#8221;default&#8221; hover_enabled=&#8221;0&#8243; global_colors_info=&#8221;{}&#8221; sticky_enabled=&#8221;0&#8243;][\/et_pb_image][et_pb_heading title=&#8221;Investigaci\u00f3n A Nivel Nacional Por C-5 Y Plataforma M\u00e9xico&#8221; _builder_version=&#8221;4.27.4&#8243; _module_preset=&#8221;default&#8221; title_level=&#8221;h4&#8243; title_font=&#8221;&#8211;et_global_heading_font|900|||||||&#8221; title_text_align=&#8221;center&#8221; custom_margin=&#8221;|-8px||-8px|false|true&#8221; hover_enabled=&#8221;0&#8243; global_colors_info=&#8221;{}&#8221; sticky_enabled=&#8221;0&#8243;][\/et_pb_heading][\/et_pb_column][et_pb_column type=&#8221;1_5&#8243; _builder_version=&#8221;4.27.4&#8243; _module_preset=&#8221;default&#8221; global_colors_info=&#8221;{}&#8221;][et_pb_image src=&#8221;https:\/\/securlife.com.mx\/sitio\/wp-content\/uploads\/2025\/01\/icono-experiencia.png&#8221; title_text=&#8221;icono experiencia&#8221; align=&#8221;center&#8221; align_tablet=&#8221;center&#8221; align_phone=&#8221;center&#8221; align_last_edited=&#8221;on|phone&#8221; _builder_version=&#8221;4.27.4&#8243; _module_preset=&#8221;default&#8221; custom_margin=&#8221;||||false|false&#8221; custom_margin_tablet=&#8221;|-325px|||false|false&#8221; custom_margin_phone=&#8221;|0px|||false|false&#8221; custom_margin_last_edited=&#8221;on|desktop&#8221; global_colors_info=&#8221;{}&#8221;][\/et_pb_image][et_pb_heading title=&#8221;Experiencia: 6 Meses&#8221; _builder_version=&#8221;4.27.4&#8243; _module_preset=&#8221;default&#8221; title_level=&#8221;h4&#8243; title_font=&#8221;&#8211;et_global_heading_font|900|||||||&#8221; title_text_align=&#8221;center&#8221; custom_margin_tablet=&#8221;|-323px|||false|false&#8221; custom_margin_phone=&#8221;|0px|||false|false&#8221; custom_margin_last_edited=&#8221;on|tablet&#8221; hover_enabled=&#8221;0&#8243; global_colors_info=&#8221;{}&#8221; sticky_enabled=&#8221;0&#8243;][\/et_pb_heading][\/et_pb_column][\/et_pb_row][\/et_pb_section]<\/p>","protected":false},"excerpt":{"rendered":"<p>Los Guardias de Seguridad especializados proveen el Servicio de Vigilancia brindando la soluci\u00f3n deseada ya que est\u00e1n adecuadamente capacitados para cubrir las necesidades de seguridad demandadas por nuestros clientes. Uniforme completo Zapato Industrial Chaleco Reflejante Radios de Comunicaci\u00f3n L\u00e1mpara Gas Lacrim\u00f3geno Esposas GUARDIAS CAPACITADOSUNIFORMES DE CALIDADCALIDAD CERTIFICADADISTINTIVO PROFESIONAL<\/p>","protected":false},"author":1,"featured_media":0,"parent":0,"menu_order":0,"comment_status":"closed","ping_status":"closed","template":"","meta":{"_et_pb_use_builder":"on","_et_pb_old_content":"","_et_gb_content_width":"","footnotes":""},"class_list":["post-1008","page","type-page","status-publish","hentry"],"_links":{"self":[{"href":"https:\/\/securlife.com.mx\/en\/wp-json\/wp\/v2\/pages\/1008","targetHints":{"allow":["GET"]}}],"collection":[{"href":"https:\/\/securlife.com.mx\/en\/wp-json\/wp\/v2\/pages"}],"about":[{"href":"https:\/\/securlife.com.mx\/en\/wp-json\/wp\/v2\/types\/page"}],"author":[{"embeddable":true,"href":"https:\/\/securlife.com.mx\/en\/wp-json\/wp\/v2\/users\/1"}],"replies":[{"embeddable":true,"href":"https:\/\/securlife.com.mx\/en\/wp-json\/wp\/v2\/comments?post=1008"}],"version-history":[{"count":56,"href":"https:\/\/securlife.com.mx\/en\/wp-json\/wp\/v2\/pages\/1008\/revisions"}],"predecessor-version":[{"id":1748,"href":"https:\/\/securlife.com.mx\/en\/wp-json\/wp\/v2\/pages\/1008\/revisions\/1748"}],"wp:attachment":[{"href":"https:\/\/securlife.com.mx\/en\/wp-json\/wp\/v2\/media?parent=1008"}],"curies":[{"name":"wp","href":"https:\/\/api.w.org\/{rel}","templated":true}]}}