{"id":1021,"date":"2025-01-23T21:34:59","date_gmt":"2025-01-23T21:34:59","guid":{"rendered":"https:\/\/securlife.com.mx\/?page_id=1021"},"modified":"2025-11-05T16:14:27","modified_gmt":"2025-11-05T22:14:27","slug":"proteccion-y-traslado-de-bienes-y-valores","status":"publish","type":"page","link":"https:\/\/securlife.com.mx\/en\/proteccion-y-traslado-de-bienes-y-valores\/","title":{"rendered":"Protection and Transport of Assets and Valuables"},"content":{"rendered":"<p>[et_pb_section fb_built=&#8221;1&#8243; _builder_version=&#8221;4.27.4&#8243; _module_preset=&#8221;default&#8221; custom_padding=&#8221;142px||0px||false|false&#8221; global_colors_info=&#8221;{}&#8221;][et_pb_row column_structure=&#8221;3_5,2_5&#8243; _builder_version=&#8221;4.27.4&#8243; _module_preset=&#8221;default&#8221; custom_margin=&#8221;35px||||false|false&#8221; global_colors_info=&#8221;{}&#8221;][et_pb_column type=&#8221;3_5&#8243; _builder_version=&#8221;4.27.4&#8243; _module_preset=&#8221;default&#8221; global_colors_info=&#8221;{}&#8221;][et_pb_heading title=&#8221;PROTECCI\u00d3N Y TRASLADO DE BIENES Y VALORES&#8221; admin_label=&#8221;Heading&#8221; module_class=&#8221;custom-header&#8221; _builder_version=&#8221;4.27.4&#8243; _module_preset=&#8221;default&#8221; title_font=&#8221;&#8211;et_global_heading_font|900|||||||&#8221; title_text_align=&#8221;left&#8221; title_text_color=&#8221;#FFFFFF&#8221; background_color=&#8221;#1a1a1a&#8221; transform_skew=&#8221;45deg|0deg&#8221; transform_skew_linked=&#8221;off&#8221; custom_margin=&#8221;|||-3em|false|false&#8221; custom_padding=&#8221;1em|3em|1em|4em|true|false&#8221; custom_css_before=&#8221;content:%22%22;||display:block;||position:absolute;||height:1.5px;||width:90%;||background:#1A1A1A;||top:-10%&#8221; custom_css_after=&#8221;content:%22%22;||background:radial-gradient(ellipse at center,  rgba(98,99,100,1) 0%,rgba(42,44,45,1) 100%);;||position:absolute;||display:block;||width:60%;||height:20px;||bottom:-20%;||transform:skewX(45deg) skewY(0deg)&#8221; saved_tabs=&#8221;all&#8221; global_colors_info=&#8221;{}&#8221;][\/et_pb_heading][\/et_pb_column][et_pb_column type=&#8221;2_5&#8243; _builder_version=&#8221;4.27.4&#8243; _module_preset=&#8221;default&#8221; global_colors_info=&#8221;{}&#8221;][et_pb_image src=&#8221;https:\/\/securlife.com.mx\/sitio\/wp-content\/uploads\/2025\/01\/Frame-279.png&#8221; title_text=&#8221;Frame 279&#8243; show_bottom_space=&#8221;off&#8221; _builder_version=&#8221;4.27.4&#8243; _module_preset=&#8221;default&#8221; z_index=&#8221;-11&#8243; custom_margin=&#8221;-38px|-67px|-165px||false|false&#8221; custom_margin_tablet=&#8221;37px|-388px|-132px|562px|false|false&#8221; custom_margin_phone=&#8221;35px|-93px|-67px|52px|false|false&#8221; custom_margin_last_edited=&#8221;on|phone&#8221; hover_enabled=&#8221;0&#8243; locked=&#8221;off&#8221; global_colors_info=&#8221;{}&#8221; custom_margin__hover_enabled=&#8221;off|desktop&#8221; sticky_enabled=&#8221;0&#8243;][\/et_pb_image][\/et_pb_column][\/et_pb_row][et_pb_row custom_padding_last_edited=&#8221;on|tablet&#8221; _builder_version=&#8221;4.27.4&#8243; _module_preset=&#8221;default&#8221; custom_margin=&#8221;-92px||-92px||true|false&#8221; custom_margin_tablet=&#8221;-92px||-92px||true|false&#8221; custom_margin_phone=&#8221;-92px||-92px||true|false&#8221; custom_margin_last_edited=&#8221;on|tablet&#8221; custom_padding=&#8221;||83px||false|false&#8221; custom_padding_tablet=&#8221;||83px||false|false&#8221; custom_padding_phone=&#8221;||83px||false|false&#8221; animation_style=&#8221;slide&#8221; animation_direction=&#8221;bottom&#8221; animation_duration=&#8221;2000ms&#8221; animation_intensity_slide=&#8221;3%&#8221; global_colors_info=&#8221;{}&#8221;][et_pb_column type=&#8221;4_4&#8243; _builder_version=&#8221;4.27.4&#8243; _module_preset=&#8221;default&#8221; global_colors_info=&#8221;{}&#8221;][et_pb_cta title=&#8221;\u00bfC\u00f3mo operan nuestros Custodios ?&#8221; button_text=&#8221;Clics&#8221; _builder_version=&#8221;4.27.4&#8243; _module_preset=&#8221;default&#8221; header_font=&#8221;&#8211;et_global_heading_font|600|||||||&#8221; header_text_color=&#8221;#000000&#8243; header_font_size=&#8221;30px&#8221; body_font=&#8221;&#8211;et_global_heading_font|300|||||||&#8221; body_text_color=&#8221;#000000&#8243; body_font_size=&#8221;18px&#8221; background_color=&#8221;RGBA(255,255,255,0)&#8221; custom_margin=&#8221;128px||||false|false&#8221; custom_margin_tablet=&#8221;55px||||false|false&#8221; custom_margin_phone=&#8221;19px||||false|false&#8221; custom_margin_last_edited=&#8221;on|desktop&#8221; custom_padding=&#8221;0px||57px||false|false&#8221; hover_enabled=&#8221;0&#8243; global_colors_info=&#8221;{}&#8221; sticky_enabled=&#8221;0&#8243;]<\/p>\n<p>Nuestros Custodios est\u00e1n dotados con: Chalecos antibalas, Dispositivos de comunicaci\u00f3n avanzada, \u00a0un auto blindado dotado con GPS para monitorear cada movimiento en tiempo real durante la prestaci\u00f3n de servicio.<\/p>\n<p>[\/et_pb_cta][\/et_pb_column][\/et_pb_row][et_pb_row column_structure=&#8221;3_5,2_5&#8243; custom_padding_last_edited=&#8221;on|tablet&#8221; _builder_version=&#8221;4.27.4&#8243; _module_preset=&#8221;default&#8221; custom_margin=&#8221;||60px||false|false&#8221; custom_padding=&#8221;||83px||false|false&#8221; custom_padding_tablet=&#8221;||83px||false|false&#8221; custom_padding_phone=&#8221;||83px||false|false&#8221; hover_enabled=&#8221;0&#8243; global_colors_info=&#8221;{}&#8221; sticky_enabled=&#8221;0&#8243;][et_pb_column type=&#8221;3_5&#8243; _builder_version=&#8221;4.27.4&#8243; _module_preset=&#8221;default&#8221; animation_style=&#8221;slide&#8221; animation_direction=&#8221;left&#8221; animation_duration=&#8221;2000ms&#8221; animation_intensity_slide=&#8221;3%&#8221; global_colors_info=&#8221;{}&#8221;][et_pb_accordion closed_toggle_background_color=&#8221;#FFFFFF&#8221; _builder_version=&#8221;4.27.4&#8243; _module_preset=&#8221;default&#8221; toggle_text_color=&#8221;#000000&#8243; toggle_font=&#8221;&#8211;et_global_heading_font|500|||||||&#8221; closed_toggle_font=&#8221;&#8211;et_global_heading_font|500|||||||&#8221; body_font=&#8221;&#8211;et_global_body_font|300|||||||&#8221; body_text_color=&#8221;#000000&#8243; body_font_size=&#8221;16px&#8221; hover_enabled=&#8221;0&#8243; global_colors_info=&#8221;{}&#8221; sticky_enabled=&#8221;0&#8243;][et_pb_accordion_item title=&#8221;Nuestra Seguridad Privada&#8221; open=&#8221;off&#8221; _builder_version=&#8221;4.27.4&#8243; _module_preset=&#8221;default&#8221; global_colors_info=&#8221;{}&#8221;]<\/p>\n<p>Private Security in the protection of goods or valuables; consists of the provision of custody, surveillance, care and protection services for personal property or valuables, including their transfer.<\/p>\n<p>[\/et_pb_accordion_item][et_pb_accordion_item title=&#8221;Traslado de Bienes y Valores&#8221; _builder_version=&#8221;4.27.4&#8243; _module_preset=&#8221;default&#8221; hover_enabled=&#8221;0&#8243; global_colors_info=&#8221;{}&#8221; open=&#8221;off&#8221; sticky_enabled=&#8221;0&#8243;]<\/p>\n<p>When you need to transport an asset or value from one place to another, SecurLife is available to you with the Private Security Service in the Transfer of Assets and Values so you can be sure that they will arrive without problems to its destination, with the most advanced technology and the best trained personnel at your disposal throughout the entire transfer process.<\/p>\n<p>[\/et_pb_accordion_item][et_pb_accordion_item title=&#8221;Proceso de Contrataci\u00f3n de Nuestros Custodios&#8221; _builder_version=&#8221;4.27.4&#8243; _module_preset=&#8221;default&#8221; hover_enabled=&#8221;0&#8243; global_colors_info=&#8221;{}&#8221; open=&#8221;off&#8221; sticky_enabled=&#8221;0&#8243;]<\/p>\n<p>So that your peace of mind is intact, SecurLife has a strict hiring filter that allows us to find the best qualified and capable Custodians for your protection.<\/p>\n<ul>\n<li>Psychometric evaluation.<\/li>\n<li>Socioeconomic evaluation.<\/li>\n<li>Toxicological examination.<\/li>\n<li>Medical evaluation.<\/li>\n<li>Polygraph Evaluation for specific scenarios.<\/li>\n<\/ul>\n<p>&nbsp;<\/p>\n<p>[\/et_pb_accordion_item][et_pb_accordion_item title=&#8221;Nuestros Custodios Son Expertos En Protecci\u00f3n.&#8221; _builder_version=&#8221;4.27.4&#8243; _module_preset=&#8221;default&#8221; hover_enabled=&#8221;0&#8243; global_colors_info=&#8221;{}&#8221; open=&#8221;on&#8221; sticky_enabled=&#8221;0&#8243;]<\/p>\n<p><span>Permanecen en constante entrenamiento de protecci\u00f3n estrat\u00e9gica, es un proceso continuo, enfoc\u00e1ndose en ofrecer siempre el mejor servicio para usted.<\/span><\/p>\n<p><span>The quality of the service of Protection and Transport of Valuables and Assets provided is 100% guaranteed by the high level of training and commitment of our personnel. \u00a0<\/span><\/p>\n<p>[\/et_pb_accordion_item][\/et_pb_accordion][et_pb_image src=&#8221;https:\/\/securlife.com.mx\/sitio\/wp-content\/uploads\/2025\/01\/Frame-279.png&#8221; title_text=&#8221;Frame 279&#8243; show_bottom_space=&#8221;off&#8221; _builder_version=&#8221;4.27.4&#8243; _module_preset=&#8221;default&#8221; custom_margin=&#8221;143px|-129px|-141px|-160px|false|false&#8221; custom_margin_tablet=&#8221;646px|-93px|-936px|190px|false|false&#8221; custom_margin_phone=&#8221;-589px|-93px|0px|52px|false|false&#8221; custom_margin_last_edited=&#8221;on|phone&#8221; global_colors_info=&#8221;{}&#8221;][\/et_pb_image][\/et_pb_column][et_pb_column type=&#8221;2_5&#8243; _builder_version=&#8221;4.27.4&#8243; _module_preset=&#8221;default&#8221; animation_style=&#8221;slide&#8221; animation_direction=&#8221;right&#8221; animation_duration=&#8221;2000ms&#8221; animation_intensity_slide=&#8221;3%&#8221; global_colors_info=&#8221;{}&#8221;][et_pb_code _builder_version=&#8221;4.27.4&#8243; _module_preset=&#8221;default&#8221; custom_margin_tablet=&#8221;&#8221; custom_margin_phone=&#8221;436px||||false|false&#8221; custom_margin_last_edited=&#8221;on|phone&#8221; hover_enabled=&#8221;0&#8243; global_colors_info=&#8221;{}&#8221; sticky_enabled=&#8221;0&#8243;]<iframe <!--no numeric noise key 1008-->  width=&#8221;315&#8243; <!-- [et_pb_line_break_holder] -->  height=&#8221;560&#8243; <!-- [et_pb_line_break_holder] -->  src=&#8221;https:\/\/www.youtube.com\/embed\/R1gvNboMyrg?rel=0&#038;modestbranding=1&#8243; <!-- [et_pb_line_break_holder] -->  title=&#8221;Reel de SecurLife&#8221; <!-- [et_pb_line_break_holder] -->  frameborder=&#8221;0&#8243; <!-- [et_pb_line_break_holder] -->  allow=&#8221;accelerometer; autoplay; clipboard-write; encrypted-media; gyroscope; picture-in-picture; web-share&#8221; <!-- [et_pb_line_break_holder] -->  allowfullscreen><!-- [et_pb_line_break_holder] --><\/iframe><!-- [et_pb_line_break_holder] -->[\/et_pb_code][\/et_pb_column][\/et_pb_row][\/et_pb_section]<\/p>","protected":false},"excerpt":{"rendered":"<p>Nuestros Custodios est\u00e1n dotados con: Chalecos antibalas, Dispositivos de comunicaci\u00f3n avanzada, \u00a0un auto blindado dotado con GPS para monitorear cada movimiento en tiempo real durante la prestaci\u00f3n de servicio.La Seguridad Privada en la protecci\u00f3n de bienes o valores; Consiste en la prestaci\u00f3n de servicios de custodia, vigilancia, cuidado y protecci\u00f3n de bienes muebles o valores, [&hellip;]<\/p>","protected":false},"author":1,"featured_media":0,"parent":0,"menu_order":0,"comment_status":"closed","ping_status":"closed","template":"","meta":{"_et_pb_use_builder":"on","_et_pb_old_content":"","_et_gb_content_width":"","footnotes":""},"class_list":["post-1021","page","type-page","status-publish","hentry"],"_links":{"self":[{"href":"https:\/\/securlife.com.mx\/en\/wp-json\/wp\/v2\/pages\/1021","targetHints":{"allow":["GET"]}}],"collection":[{"href":"https:\/\/securlife.com.mx\/en\/wp-json\/wp\/v2\/pages"}],"about":[{"href":"https:\/\/securlife.com.mx\/en\/wp-json\/wp\/v2\/types\/page"}],"author":[{"embeddable":true,"href":"https:\/\/securlife.com.mx\/en\/wp-json\/wp\/v2\/users\/1"}],"replies":[{"embeddable":true,"href":"https:\/\/securlife.com.mx\/en\/wp-json\/wp\/v2\/comments?post=1021"}],"version-history":[{"count":59,"href":"https:\/\/securlife.com.mx\/en\/wp-json\/wp\/v2\/pages\/1021\/revisions"}],"predecessor-version":[{"id":1840,"href":"https:\/\/securlife.com.mx\/en\/wp-json\/wp\/v2\/pages\/1021\/revisions\/1840"}],"wp:attachment":[{"href":"https:\/\/securlife.com.mx\/en\/wp-json\/wp\/v2\/media?parent=1021"}],"curies":[{"name":"wp","href":"https:\/\/api.w.org\/{rel}","templated":true}]}}