{"id":1033,"date":"2025-01-23T21:43:15","date_gmt":"2025-01-23T21:43:15","guid":{"rendered":"https:\/\/securlife.com.mx\/?page_id=1033"},"modified":"2025-02-10T15:47:23","modified_gmt":"2025-02-10T21:47:23","slug":"proteccion-ejecutiva","status":"publish","type":"page","link":"https:\/\/securlife.com.mx\/en\/proteccion-ejecutiva\/","title":{"rendered":"Protection and Executive Transport"},"content":{"rendered":"<p>[et_pb_section fb_built=&#8221;1&#8243; _builder_version=&#8221;4.27.4&#8243; _module_preset=&#8221;default&#8221; custom_padding=&#8221;142px||0px||false|false&#8221; global_colors_info=&#8221;{}&#8221;][et_pb_row column_structure=&#8221;3_5,2_5&#8243; _builder_version=&#8221;4.27.4&#8243; _module_preset=&#8221;default&#8221; custom_margin=&#8221;35px||||false|false&#8221; custom_margin_tablet=&#8221;35px||||false|false&#8221; custom_margin_phone=&#8221;35px||||false|false&#8221; custom_margin_last_edited=&#8221;on|desktop&#8221; global_colors_info=&#8221;{}&#8221;][et_pb_column type=&#8221;3_5&#8243; _builder_version=&#8221;4.27.4&#8243; _module_preset=&#8221;default&#8221; global_colors_info=&#8221;{}&#8221;][et_pb_heading title=&#8221;PROTECCI\u00d3N Y TRASLADOS EJECUTIVOS&#8221; admin_label=&#8221;Heading&#8221; module_class=&#8221;custom-header&#8221; _builder_version=&#8221;4.27.4&#8243; _module_preset=&#8221;default&#8221; title_font=&#8221;&#8211;et_global_heading_font|900|||||||&#8221; title_text_align=&#8221;left&#8221; title_text_color=&#8221;#FFFFFF&#8221; background_color=&#8221;#1a1a1a&#8221; transform_skew=&#8221;45deg|0deg&#8221; transform_skew_linked=&#8221;off&#8221; custom_margin=&#8221;|||-3em|false|false&#8221; custom_padding=&#8221;1em|3em|1em|4em|true|false&#8221; custom_css_before=&#8221;content:%22%22;||display:block;||position:absolute;||height:1.5px;||width:90%;||background:#1A1A1A;||top:-10%&#8221; custom_css_after=&#8221;content:%22%22;||background:radial-gradient(ellipse at center,  rgba(98,99,100,1) 0%,rgba(42,44,45,1) 100%);;||position:absolute;||display:block;||width:60%;||height:20px;||bottom:-20%;||transform:skewX(45deg) skewY(0deg)&#8221; saved_tabs=&#8221;all&#8221; global_colors_info=&#8221;{}&#8221;][\/et_pb_heading][\/et_pb_column][et_pb_column type=&#8221;2_5&#8243; admin_label=&#8221;Column&#8221; _builder_version=&#8221;4.27.4&#8243; _module_preset=&#8221;default&#8221; global_colors_info=&#8221;{}&#8221;][et_pb_image src=&#8221;https:\/\/securlife.com.mx\/sitio\/wp-content\/uploads\/2025\/01\/Frame-279.png&#8221; title_text=&#8221;Frame 279&#8243; show_bottom_space=&#8221;off&#8221; _builder_version=&#8221;4.27.4&#8243; _module_preset=&#8221;default&#8221; z_index=&#8221;-11&#8243; custom_margin=&#8221;-38px|-67px|-165px||false|false&#8221; custom_margin_tablet=&#8221;37px|-388px|-132px|562px|false|false&#8221; custom_margin_phone=&#8221;35px|-93px|-67px|52px|false|false&#8221; custom_margin_last_edited=&#8221;on|phone&#8221; locked=&#8221;off&#8221; global_colors_info=&#8221;{}&#8221; custom_margin__hover_enabled=&#8221;off|desktop&#8221;][\/et_pb_image][\/et_pb_column][\/et_pb_row][et_pb_row column_structure=&#8221;2_5,3_5&#8243; _builder_version=&#8221;4.27.4&#8243; _module_preset=&#8221;default&#8221; custom_margin=&#8221;31px||67px||false|false&#8221; custom_margin_tablet=&#8221;-31px||||false|false&#8221; custom_margin_phone=&#8221;-68px||||false|false&#8221; custom_margin_last_edited=&#8221;on|desktop&#8221; global_colors_info=&#8221;{}&#8221;][et_pb_column type=&#8221;2_5&#8243; _builder_version=&#8221;4.27.4&#8243; _module_preset=&#8221;default&#8221; animation_style=&#8221;slide&#8221; animation_direction=&#8221;left&#8221; animation_duration=&#8221;2000ms&#8221; animation_intensity_slide=&#8221;3%&#8221; global_colors_info=&#8221;{}&#8221;][et_pb_code _builder_version=&#8221;4.27.4&#8243; _module_preset=&#8221;default&#8221; hover_enabled=&#8221;0&#8243; global_colors_info=&#8221;{}&#8221; sticky_enabled=&#8221;0&#8243;]<iframe <!--no numeric noise key 1007-->    width=&#8221;560&#8243; <!-- [et_pb_line_break_holder] -->    height=&#8221;1000&#8243; <!-- [et_pb_line_break_holder] -->    src=&#8221;https:\/\/www.youtube.com\/embed\/Q97hUriBsX8?autoplay=1&#038;loop=1&#038;playlist=Q97hUriBsX8&#038;controls=0&#8243; <!-- [et_pb_line_break_holder] -->    frameborder=&#8221;0&#8243; <!-- [et_pb_line_break_holder] -->    allow=&#8221;autoplay; encrypted-media&#8221; <!-- [et_pb_line_break_holder] -->    allowfullscreen><!-- [et_pb_line_break_holder] --><\/iframe><!-- [et_pb_line_break_holder] -->[\/et_pb_code][\/et_pb_column][et_pb_column type=&#8221;3_5&#8243; _builder_version=&#8221;4.27.4&#8243; _module_preset=&#8221;default&#8221; animation_style=&#8221;slide&#8221; animation_direction=&#8221;right&#8221; animation_duration=&#8221;2000ms&#8221; animation_intensity_slide=&#8221;3%&#8221; global_colors_info=&#8221;{}&#8221;][et_pb_text _builder_version=&#8221;4.27.4&#8243; _module_preset=&#8221;default&#8221; text_font=&#8221;&#8211;et_global_heading_font|300|||||||&#8221; text_font_size=&#8221;16px&#8221; header_font=&#8221;&#8211;et_global_body_font|300|||||||&#8221; custom_margin=&#8221;38px||||false|false&#8221; custom_margin_tablet=&#8221;38px||||false|false&#8221; custom_margin_phone=&#8221;38px||||false|false&#8221; custom_margin_last_edited=&#8221;on|desktop&#8221; global_colors_info=&#8221;{}&#8221;]<\/p>\n<p><strong>Executive Protection<\/strong><span>\u00a0<\/span>consists of the protection, custody, safeguarding and defense of the customer's life and bodily integrity.<\/p>\n<p>We have personnel specially trained to perform security detail and personalized security functions; trained by instructors recognized in national security standards.<\/p>\n<p>[\/et_pb_text][et_pb_cta title=&#8221;Nuestra Protecci\u00f3n&#8221; _builder_version=&#8221;4.27.4&#8243; _module_preset=&#8221;default&#8221; header_font=&#8221;&#8211;et_global_heading_font||||||||&#8221; header_text_color=&#8221;#000000&#8243; header_font_size=&#8221;28px&#8221; body_font=&#8221;&#8211;et_global_body_font|300|||||||&#8221; body_text_color=&#8221;#000000&#8243; body_font_size=&#8221;16px&#8221; background_color=&#8221;RGBA(255,255,255,0)&#8221; global_colors_info=&#8221;{}&#8221;]<\/p>\n<p><span>Executive We provide executive protection to the physical integrity of a person, facing any conflict or danger that may arise, avoiding risk to our clients.\u00a0<\/span><\/p>\n<p>[\/et_pb_cta][et_pb_text _builder_version=&#8221;4.27.4&#8243; _module_preset=&#8221;default&#8221; text_font=&#8221;&#8211;et_global_heading_font|300|||||||&#8221; text_font_size=&#8221;16px&#8221; header_font=&#8221;&#8211;et_global_body_font|300|||||||&#8221; global_colors_info=&#8221;{}&#8221;]<\/p>\n<p>We select and train professionals to have the best trained personnel and put them at your service, our escorts will safeguard your integrity, you can have total confidence in Securlife for your private protection.<\/p>\n<p>This service is aimed at companies of all sectors that need to protect their executives, families, partners and foreigners to protect them at all times, it is also aimed at independent individuals who need executive security.<\/p>\n<p>[\/et_pb_text][\/et_pb_column][\/et_pb_row][et_pb_row column_structure=&#8221;2_5,3_5&#8243; custom_padding_last_edited=&#8221;on|desktop&#8221; _builder_version=&#8221;4.27.4&#8243; _module_preset=&#8221;default&#8221; custom_margin=&#8221;||35px||false|false&#8221; custom_padding=&#8221;|||147px|false|false&#8221; custom_padding_tablet=&#8221;|||0px|false|false&#8221; custom_padding_phone=&#8221;|||0px|false|false&#8221; locked=&#8221;off&#8221; global_colors_info=&#8221;{}&#8221;][et_pb_column type=&#8221;2_5&#8243; _builder_version=&#8221;4.27.4&#8243; _module_preset=&#8221;default&#8221; animation_style=&#8221;slide&#8221; animation_direction=&#8221;left&#8221; animation_duration=&#8221;2000ms&#8221; animation_intensity_slide=&#8221;3%&#8221; global_colors_info=&#8221;{}&#8221;][et_pb_image src=&#8221;https:\/\/securlife.com.mx\/sitio\/wp-content\/uploads\/2025\/01\/2022_Cadillac_Escalade_4WD_SUV_1SB_H0B_G1W_06.png&#8221; alt=&#8221;Escalade&#8221; title_text=&#8221;Escalade&#8221; _builder_version=&#8221;4.27.4&#8243; _module_preset=&#8221;default&#8221; height=&#8221;196px&#8221; height_tablet=&#8221;196px&#8221; height_phone=&#8221;196px&#8221; height_last_edited=&#8221;on|desktop&#8221; custom_margin=&#8221;62px|-24px||-83px|false|false&#8221; custom_margin_tablet=&#8221;0px|80px||-22px|false|false&#8221; custom_margin_phone=&#8221;62px|-35px||-35px|false|true&#8221; custom_margin_last_edited=&#8221;on|desktop&#8221; custom_padding_last_edited=&#8221;off|phone&#8221; global_colors_info=&#8221;{}&#8221;][\/et_pb_image][\/et_pb_column][et_pb_column type=&#8221;3_5&#8243; _builder_version=&#8221;4.27.4&#8243; _module_preset=&#8221;default&#8221; animation_style=&#8221;slide&#8221; animation_direction=&#8221;right&#8221; animation_duration=&#8221;2000ms&#8221; animation_intensity_slide=&#8221;3%&#8221; global_colors_info=&#8221;{}&#8221;][et_pb_heading title=&#8221;Escalade&#8221; _builder_version=&#8221;4.27.4&#8243; _module_preset=&#8221;default&#8221; title_font=&#8221;&#8211;et_global_body_font|600|||||||&#8221; title_text_align=&#8221;left&#8221; global_colors_info=&#8221;{}&#8221;][\/et_pb_heading][et_pb_text _builder_version=&#8221;4.27.4&#8243; _module_preset=&#8221;default&#8221; text_font=&#8221;&#8211;et_global_body_font|300|||||||&#8221; text_text_color=&#8221;#000000&#8243; text_font_size=&#8221;16px&#8221; custom_margin=&#8221;|60px||60px|false|true&#8221; custom_margin_tablet=&#8221;|0px||0px|false|true&#8221; custom_margin_phone=&#8221;|-4px||-4px|false|true&#8221; custom_margin_last_edited=&#8221;on|desktop&#8221; global_colors_info=&#8221;{}&#8221;]<\/p>\n<ul>\n<li><strong>Engine:<\/strong> V8 6.2L o diesel 3.0L<\/li>\n<li><strong>Power:<\/strong> To 682 HP<\/li>\n<li><strong>Transmission:<\/strong> 10-speed automatic<\/li>\n<li><strong>Traction:<\/strong> 4x2 or 4x4<\/li>\n<li><strong>Technology:<\/strong> Curved OLED display, Super Cruise<\/li>\n<li><strong>Luxury<\/strong> Premium finish, AKG sound<\/li>\n<li><strong>Space:<\/strong> Up to 8 passengers, large trunk<\/li>\n<\/ul>\n<p>[\/et_pb_text][\/et_pb_column][\/et_pb_row][et_pb_row column_structure=&#8221;3_5,2_5&#8243; custom_padding_last_edited=&#8221;on|desktop&#8221; _builder_version=&#8221;4.27.4&#8243; _module_preset=&#8221;default&#8221; custom_padding=&#8221;|0px||110px|false|false&#8221; custom_padding_tablet=&#8221;|0px||0px|false|false&#8221; custom_padding_phone=&#8221;|0px||0px|false|false&#8221; locked=&#8221;off&#8221; global_colors_info=&#8221;{}&#8221;][et_pb_column type=&#8221;3_5&#8243; _builder_version=&#8221;4.27.4&#8243; _module_preset=&#8221;default&#8221; animation_style=&#8221;slide&#8221; animation_direction=&#8221;left&#8221; animation_duration=&#8221;2000ms&#8221; animation_intensity_slide=&#8221;3%&#8221; global_colors_info=&#8221;{}&#8221;][et_pb_heading title=&#8221;Yukon&#8221; _builder_version=&#8221;4.27.4&#8243; _module_preset=&#8221;default&#8221; title_font=&#8221;&#8211;et_global_body_font|600|||||||&#8221; title_text_align=&#8221;left&#8221; global_colors_info=&#8221;{}&#8221;][\/et_pb_heading][et_pb_text _builder_version=&#8221;4.27.4&#8243; _module_preset=&#8221;default&#8221; text_font=&#8221;&#8211;et_global_body_font|300|||||||&#8221; text_text_color=&#8221;#000000&#8243; text_font_size=&#8221;16px&#8221; global_colors_info=&#8221;{}&#8221;]<\/p>\n<ul>\n<li><strong>Engine:<\/strong> V8 5.3L o 6.2L, diesel 3.0L<\/li>\n<li><strong>Power:<\/strong> To 420 HP<\/li>\n<li><strong>Transmission:<\/strong> 10-speed automatic<\/li>\n<li><strong>Traction:<\/strong> 4x2 or 4x4<\/li>\n<li><strong>Technology:<\/strong> Pantalla t\u00e1ctil, asistencias de manejo<\/li>\n<li><strong>Space:<\/strong> Up to 8 passengers, spacious trunk<\/li>\n<li><strong>Version Denali:<\/strong> Luxury and premium finish<\/li>\n<\/ul>\n<p>[\/et_pb_text][\/et_pb_column][et_pb_column type=&#8221;2_5&#8243; _builder_version=&#8221;4.27.4&#8243; _module_preset=&#8221;default&#8221; animation_style=&#8221;slide&#8221; animation_direction=&#8221;right&#8221; animation_duration=&#8221;2000ms&#8221; animation_intensity_slide=&#8221;3%&#8221; global_colors_info=&#8221;{}&#8221;][et_pb_image src=&#8221;https:\/\/securlife.com.mx\/sitio\/wp-content\/uploads\/2025\/01\/Yukon-AT4-1.png&#8221; alt=&#8221;Yukon&#8221; title_text=&#8221;Yukon&#8221; align_tablet=&#8221;center&#8221; align_phone=&#8221;center&#8221; align_last_edited=&#8221;on|tablet&#8221; _builder_version=&#8221;4.27.4&#8243; _module_preset=&#8221;default&#8221; width=&#8221;100%&#8221; height=&#8221;239px&#8221; height_tablet=&#8221;247px&#8221; height_phone=&#8221;169px&#8221; height_last_edited=&#8221;on|desktop&#8221; custom_margin=&#8221;|||-81px|false|false&#8221; custom_margin_tablet=&#8221;|||-81px|false|false&#8221; custom_margin_phone=&#8221;|||-95px|false|false&#8221; custom_margin_last_edited=&#8221;on|desktop&#8221; global_colors_info=&#8221;{}&#8221;][\/et_pb_image][\/et_pb_column][\/et_pb_row][et_pb_row column_structure=&#8221;2_5,3_5&#8243; custom_padding_last_edited=&#8221;on|desktop&#8221; _builder_version=&#8221;4.27.4&#8243; _module_preset=&#8221;default&#8221; custom_margin=&#8221;||46px||false|false&#8221; custom_margin_tablet=&#8221;||46px||false|false&#8221; custom_margin_phone=&#8221;||46px||false|false&#8221; custom_margin_last_edited=&#8221;on|desktop&#8221; custom_padding=&#8221;|||110px|false|false&#8221; custom_padding_tablet=&#8221;|0px||0px|false|true&#8221; custom_padding_phone=&#8221;|||0px|false|false&#8221; locked=&#8221;off&#8221; global_colors_info=&#8221;{}&#8221;][et_pb_column type=&#8221;2_5&#8243; _builder_version=&#8221;4.27.4&#8243; _module_preset=&#8221;default&#8221; global_colors_info=&#8221;{}&#8221;][et_pb_image src=&#8221;https:\/\/securlife.com.mx\/sitio\/wp-content\/uploads\/2025\/01\/Suburban-L-1.png&#8221; alt=&#8221;Suburban&#8221; title_text=&#8221;Suburban-L&#8221; _builder_version=&#8221;4.27.4&#8243; _module_preset=&#8221;default&#8221; height_tablet=&#8221;306px&#8221; height_phone=&#8221;306px&#8221; height_last_edited=&#8221;on|tablet&#8221; animation_style=&#8221;slide&#8221; animation_direction=&#8221;left&#8221; animation_duration=&#8221;2000ms&#8221; animation_intensity_slide=&#8221;3%&#8221; global_colors_info=&#8221;{}&#8221;][\/et_pb_image][\/et_pb_column][et_pb_column type=&#8221;3_5&#8243; _builder_version=&#8221;4.27.4&#8243; _module_preset=&#8221;default&#8221; animation_style=&#8221;slide&#8221; animation_direction=&#8221;right&#8221; animation_duration=&#8221;2000ms&#8221; animation_intensity_slide=&#8221;3%&#8221; global_colors_info=&#8221;{}&#8221;][et_pb_heading title=&#8221;Suburban&#8221; _builder_version=&#8221;4.27.4&#8243; _module_preset=&#8221;default&#8221; title_font=&#8221;&#8211;et_global_body_font|600|||||||&#8221; title_text_align=&#8221;left&#8221; global_colors_info=&#8221;{}&#8221;][\/et_pb_heading][et_pb_text _builder_version=&#8221;4.27.4&#8243; _module_preset=&#8221;default&#8221; text_font=&#8221;&#8211;et_global_body_font|300|||||||&#8221; text_text_color=&#8221;#000000&#8243; text_font_size=&#8221;16px&#8221; global_colors_info=&#8221;{}&#8221;]<\/p>\n<ul>\n<li><strong>Engine:<\/strong> V8 5.3L or 6.2L, also diesel 3.0L version<\/li>\n<li><strong>Power:<\/strong> To 420 HP<\/li>\n<li><strong>Transmission:<\/strong> 10-speed automatic<\/li>\n<li><strong>Capacity:<\/strong> Up to 9 passengers<\/li>\n<li><strong>Traction:<\/strong> 4x2 or 4x4<\/li>\n<li><strong>Technology:<\/strong> Touch screen, driving assistances<\/li>\n<li><strong>Load:<\/strong> Large trunk space and folding seats<\/li>\n<\/ul>\n<p>[\/et_pb_text][\/et_pb_column][\/et_pb_row][\/et_pb_section]<\/p>","protected":false},"excerpt":{"rendered":"<p>La Protecci\u00f3n Ejecutiva\u00a0consiste en la protecci\u00f3n, custodia, salvaguarda, defensa de la vida y de la integridad corporal del prestario. Contamos con personal especialmente capacitado para realizar funciones de escoltaje y seguridad personalizada; adiestrados por instructores reconocidos en est\u00e1ndares de seguridad nacional .Ejecutiva Brindamos protecci\u00f3n ejecutiva a la integridad f\u00edsica de una persona, haciendo frente a [&hellip;]<\/p>","protected":false},"author":1,"featured_media":0,"parent":0,"menu_order":0,"comment_status":"closed","ping_status":"closed","template":"","meta":{"_et_pb_use_builder":"on","_et_pb_old_content":"","_et_gb_content_width":"","footnotes":""},"class_list":["post-1033","page","type-page","status-publish","hentry"],"_links":{"self":[{"href":"https:\/\/securlife.com.mx\/en\/wp-json\/wp\/v2\/pages\/1033","targetHints":{"allow":["GET"]}}],"collection":[{"href":"https:\/\/securlife.com.mx\/en\/wp-json\/wp\/v2\/pages"}],"about":[{"href":"https:\/\/securlife.com.mx\/en\/wp-json\/wp\/v2\/types\/page"}],"author":[{"embeddable":true,"href":"https:\/\/securlife.com.mx\/en\/wp-json\/wp\/v2\/users\/1"}],"replies":[{"embeddable":true,"href":"https:\/\/securlife.com.mx\/en\/wp-json\/wp\/v2\/comments?post=1033"}],"version-history":[{"count":22,"href":"https:\/\/securlife.com.mx\/en\/wp-json\/wp\/v2\/pages\/1033\/revisions"}],"predecessor-version":[{"id":1665,"href":"https:\/\/securlife.com.mx\/en\/wp-json\/wp\/v2\/pages\/1033\/revisions\/1665"}],"wp:attachment":[{"href":"https:\/\/securlife.com.mx\/en\/wp-json\/wp\/v2\/media?parent=1033"}],"curies":[{"name":"wp","href":"https:\/\/api.w.org\/{rel}","templated":true}]}}