{"id":1053,"date":"2025-01-23T22:12:03","date_gmt":"2025-01-23T22:12:03","guid":{"rendered":"https:\/\/securlife.com.mx\/?page_id=1053"},"modified":"2025-02-10T11:07:36","modified_gmt":"2025-02-10T17:07:36","slug":"capacitacion-y-desarrollo","status":"publish","type":"page","link":"https:\/\/securlife.com.mx\/en\/capacitacion-y-desarrollo\/","title":{"rendered":"Training and Development"},"content":{"rendered":"<p>[et_pb_section fb_built=&#8221;1&#8243; _builder_version=&#8221;4.27.4&#8243; _module_preset=&#8221;default&#8221; custom_padding=&#8221;142px||0px||false|false&#8221; global_colors_info=&#8221;{}&#8221;][et_pb_row column_structure=&#8221;3_5,2_5&#8243; _builder_version=&#8221;4.27.4&#8243; _module_preset=&#8221;default&#8221; custom_margin=&#8221;35px||||false|false&#8221; global_colors_info=&#8221;{}&#8221;][et_pb_column type=&#8221;3_5&#8243; _builder_version=&#8221;4.27.4&#8243; _module_preset=&#8221;default&#8221; global_colors_info=&#8221;{}&#8221;][et_pb_heading title=&#8221;CAPACITACI\u00d3N Y DESARROLLO&#8221; admin_label=&#8221;Heading&#8221; module_class=&#8221;custom-header&#8221; _builder_version=&#8221;4.27.4&#8243; _module_preset=&#8221;default&#8221; title_font=&#8221;&#8211;et_global_heading_font|900|||||||&#8221; title_text_align=&#8221;left&#8221; title_text_color=&#8221;#FFFFFF&#8221; background_color=&#8221;#1a1a1a&#8221; transform_skew=&#8221;45deg|0deg&#8221; transform_skew_linked=&#8221;off&#8221; custom_margin=&#8221;|||-3em|false|false&#8221; custom_padding=&#8221;1em|3em|1em|4em|true|false&#8221; custom_css_before=&#8221;content:%22%22;||display:block;||position:absolute;||height:1.5px;||width:90%;||background:#1A1A1A;||top:-10%&#8221; custom_css_after=&#8221;content:%22%22;||background:radial-gradient(ellipse at center,  rgba(98,99,100,1) 0%,rgba(42,44,45,1) 100%);;||position:absolute;||display:block;||width:60%;||height:20px;||bottom:-20%;||transform:skewX(45deg) skewY(0deg)&#8221; saved_tabs=&#8221;all&#8221; global_colors_info=&#8221;{}&#8221;][\/et_pb_heading][\/et_pb_column][et_pb_column type=&#8221;2_5&#8243; _builder_version=&#8221;4.27.4&#8243; _module_preset=&#8221;default&#8221; global_colors_info=&#8221;{}&#8221;][et_pb_image src=&#8221;https:\/\/securlife.com.mx\/sitio\/wp-content\/uploads\/2025\/01\/Frame-279.png&#8221; title_text=&#8221;Frame 279&#8243; show_bottom_space=&#8221;off&#8221; _builder_version=&#8221;4.27.4&#8243; _module_preset=&#8221;default&#8221; z_index=&#8221;-11&#8243; custom_margin=&#8221;-38px|-67px|-165px|31px|false|false&#8221; custom_margin_tablet=&#8221;37px|-388px|-132px|562px|false|false&#8221; custom_margin_phone=&#8221;35px|-93px|-67px|52px|false|false&#8221; custom_margin_last_edited=&#8221;on|phone&#8221; locked=&#8221;off&#8221; global_colors_info=&#8221;{}&#8221; custom_margin__hover_enabled=&#8221;off|desktop&#8221;][\/et_pb_image][\/et_pb_column][\/et_pb_row][et_pb_row _builder_version=&#8221;4.27.4&#8243; _module_preset=&#8221;default&#8221; custom_margin_tablet=&#8221;||63px||false|false&#8221; custom_margin_phone=&#8221;||63px||false|false&#8221; custom_margin_last_edited=&#8221;on|tablet&#8221; animation_style=&#8221;slide&#8221; animation_direction=&#8221;bottom&#8221; animation_duration=&#8221;2000ms&#8221; animation_intensity_slide=&#8221;3%&#8221; global_colors_info=&#8221;{}&#8221;][et_pb_column type=&#8221;4_4&#8243; _builder_version=&#8221;4.27.4&#8243; _module_preset=&#8221;default&#8221; global_colors_info=&#8221;{}&#8221;][et_pb_cta title=&#8221;Nuestra Capacitaci\u00f3n&#8221; _builder_version=&#8221;4.27.4&#8243; _module_preset=&#8221;default&#8221; header_font=&#8221;&#8211;et_global_heading_font|700|||||||&#8221; header_text_color=&#8221;#000000&#8243; header_font_size=&#8221;28px&#8221; body_font=&#8221;&#8211;et_global_body_font|300|||||||&#8221; body_text_color=&#8221;#000000&#8243; body_font_size=&#8221;18px&#8221; background_color=&#8221;RGBA(255,255,255,0)&#8221; locked=&#8221;off&#8221; global_colors_info=&#8221;{}&#8221;]<\/p>\n<p>We have an extensive catalog of courses, all of which are registered with the Secretariat of Labor and Social Welfare (STPS) or Civil Protection of the State of Nuevo Leon.<\/p>\n<p>[\/et_pb_cta][\/et_pb_column][\/et_pb_row][et_pb_row column_structure=&#8221;2_5,3_5&#8243; _builder_version=&#8221;4.27.4&#8243; _module_preset=&#8221;default&#8221; global_colors_info=&#8221;{}&#8221;][et_pb_column type=&#8221;2_5&#8243; _builder_version=&#8221;4.27.4&#8243; _module_preset=&#8221;default&#8221; animation_style=&#8221;slide&#8221; animation_direction=&#8221;left&#8221; animation_duration=&#8221;2000ms&#8221; animation_intensity_slide=&#8221;3%&#8221; global_colors_info=&#8221;{}&#8221;][et_pb_image src=&#8221;https:\/\/securlife.com.mx\/sitio\/wp-content\/uploads\/2025\/02\/Captura-de-pantalla-2025-02-07-a-las-7.16.36\u202fp.m.png&#8221; alt=&#8221;Capacitacion y Desarrollo&#8221; title_text=&#8221;Capacitacion y Desarrollo&#8221; align=&#8221;center&#8221; _builder_version=&#8221;4.27.4&#8243; _module_preset=&#8221;default&#8221; hover_enabled=&#8221;0&#8243; global_colors_info=&#8221;{}&#8221; sticky_enabled=&#8221;0&#8243;][\/et_pb_image][\/et_pb_column][et_pb_column type=&#8221;3_5&#8243; _builder_version=&#8221;4.27.4&#8243; _module_preset=&#8221;default&#8221; animation_style=&#8221;slide&#8221; animation_direction=&#8221;right&#8221; animation_duration=&#8221;2000ms&#8221; animation_intensity_slide=&#8221;3%&#8221; global_colors_info=&#8221;{}&#8221;][et_pb_heading title=&#8221;Seguridad Industrial&#8221; _builder_version=&#8221;4.27.4&#8243; _module_preset=&#8221;default&#8221; title_font=&#8221;&#8211;et_global_heading_font|600|||||||&#8221; title_text_color=&#8221;#000000&#8243; custom_margin=&#8221;52px||||false|false&#8221; custom_margin_tablet=&#8221;52px||||false|false&#8221; custom_margin_phone=&#8221;14px||||false|false&#8221; custom_margin_last_edited=&#8221;on|desktop&#8221; global_colors_info=&#8221;{}&#8221;][\/et_pb_heading][et_pb_text _builder_version=&#8221;4.27.4&#8243; _module_preset=&#8221;default&#8221; text_font=&#8221;&#8211;et_global_body_font|300|||||||&#8221; text_text_color=&#8221;#000000&#8243; text_font_size=&#8221;16px&#8221; header_font=&#8221;&#8211;et_global_body_font|300|||||||&#8221; header_text_color=&#8221;#000000&#8243; global_colors_info=&#8221;{}&#8221;]<\/p>\n<ul>\n<li>Fire Brigade<\/li>\n<li>First Aid Brigade<\/li>\n<li>Evacuation and rescue brigade<\/li>\n<li>Hazardous Materials Brigade (Haz Mat)<\/li>\n<li>Incident Command<\/li>\n<li>Loss Control<\/li>\n<li>Health and Safety Commission<\/li>\n<li>Introduction to OSHA 18001<\/li>\n<li>Systems for the identification of Unsafe Acts and Conditions<\/li>\n<li>Internal Safety, Health, Hygiene and Ecology Regulations<\/li>\n<li>5 S<\/li>\n<li>Personal Protection Equipment<\/li>\n<li>All our courses are registered with S.T.P.S.<\/li>\n<li>Training course for brigades registered with Civil Protection.<\/li>\n<\/ul>\n<p>[\/et_pb_text][\/et_pb_column][\/et_pb_row][et_pb_row column_structure=&#8221;3_5,2_5&#8243; _builder_version=&#8221;4.27.4&#8243; _module_preset=&#8221;default&#8221; global_colors_info=&#8221;{}&#8221;][et_pb_column type=&#8221;3_5&#8243; _builder_version=&#8221;4.27.4&#8243; _module_preset=&#8221;default&#8221; animation_style=&#8221;slide&#8221; animation_direction=&#8221;left&#8221; animation_duration=&#8221;2000ms&#8221; animation_intensity_slide=&#8221;3%&#8221; global_colors_info=&#8221;{}&#8221;][et_pb_heading title=&#8221;Ecolog\u00eda&#8221; _builder_version=&#8221;4.27.4&#8243; _module_preset=&#8221;default&#8221; title_font=&#8221;&#8211;et_global_heading_font|600|||||||&#8221; title_text_color=&#8221;#000000&#8243; custom_margin=&#8221;52px||||false|false&#8221; custom_margin_tablet=&#8221;0px||||false|false&#8221; custom_margin_phone=&#8221;0px||||false|false&#8221; custom_margin_last_edited=&#8221;on|desktop&#8221; global_colors_info=&#8221;{}&#8221;][\/et_pb_heading][et_pb_text _builder_version=&#8221;4.27.4&#8243; _module_preset=&#8221;default&#8221; text_font=&#8221;&#8211;et_global_body_font|300|||||||&#8221; text_text_color=&#8221;#000000&#8243; text_font_size=&#8221;16px&#8221; header_font=&#8221;&#8211;et_global_body_font|300|||||||&#8221; header_text_color=&#8221;#000000&#8243; global_colors_info=&#8221;{}&#8221;]<\/p>\n<ul>\n<li>Waste Management<\/li>\n<li>Material Handling<\/li>\n<li>Introduction to ISO14001<\/li>\n<li>Ecological Awareness<\/li>\n<li>Identification and Evaluation of Legal Requirements<\/li>\n<li>Mexican Environmental Legislation<\/li>\n<\/ul>\n<p>[\/et_pb_text][\/et_pb_column][et_pb_column type=&#8221;2_5&#8243; _builder_version=&#8221;4.27.4&#8243; _module_preset=&#8221;default&#8221; animation_style=&#8221;slide&#8221; animation_direction=&#8221;right&#8221; animation_duration=&#8221;2000ms&#8221; animation_intensity_slide=&#8221;3%&#8221; global_colors_info=&#8221;{}&#8221;][et_pb_image src=&#8221;https:\/\/securlife.com.mx\/sitio\/wp-content\/uploads\/2025\/01\/Ecologia-1024&#215;683.png&#8221; alt=&#8221;Seguridad Industrial&#8221; title_text=&#8221;Ecolog\u00eda&#8221; align=&#8221;center&#8221; _builder_version=&#8221;4.27.4&#8243; _module_preset=&#8221;default&#8221; global_colors_info=&#8221;{}&#8221;][\/et_pb_image][\/et_pb_column][\/et_pb_row][et_pb_row column_structure=&#8221;2_5,3_5&#8243; _builder_version=&#8221;4.27.4&#8243; _module_preset=&#8221;default&#8221; global_colors_info=&#8221;{}&#8221;][et_pb_column type=&#8221;2_5&#8243; _builder_version=&#8221;4.27.4&#8243; _module_preset=&#8221;default&#8221; animation_style=&#8221;slide&#8221; animation_direction=&#8221;left&#8221; animation_duration=&#8221;2000ms&#8221; animation_intensity_slide=&#8221;3%&#8221; global_colors_info=&#8221;{}&#8221;][et_pb_image src=&#8221;https:\/\/securlife.com.mx\/sitio\/wp-content\/uploads\/2025\/01\/Salud-Ocupacional-1024&#215;683.png&#8221; alt=&#8221;Seguridad Industrial&#8221; title_text=&#8221;Salud Ocupacional&#8221; align=&#8221;center&#8221; _builder_version=&#8221;4.27.4&#8243; _module_preset=&#8221;default&#8221; global_colors_info=&#8221;{}&#8221;][\/et_pb_image][\/et_pb_column][et_pb_column type=&#8221;3_5&#8243; _builder_version=&#8221;4.27.4&#8243; _module_preset=&#8221;default&#8221; animation_style=&#8221;slide&#8221; animation_direction=&#8221;right&#8221; animation_duration=&#8221;2000ms&#8221; animation_intensity_slide=&#8221;3%&#8221; global_colors_info=&#8221;{}&#8221;][et_pb_heading title=&#8221;Salud Ocupacional&#8221; _builder_version=&#8221;4.27.4&#8243; _module_preset=&#8221;default&#8221; title_font=&#8221;&#8211;et_global_heading_font|600|||||||&#8221; title_text_color=&#8221;#000000&#8243; custom_margin=&#8221;52px||||false|false&#8221; custom_margin_tablet=&#8221;12px||||false|false&#8221; custom_margin_phone=&#8221;12px||||false|false&#8221; custom_margin_last_edited=&#8221;on|desktop&#8221; global_colors_info=&#8221;{}&#8221;][\/et_pb_heading][et_pb_text _builder_version=&#8221;4.27.4&#8243; _module_preset=&#8221;default&#8221; text_font=&#8221;&#8211;et_global_body_font|300|||||||&#8221; text_text_color=&#8221;#000000&#8243; text_font_size=&#8221;16px&#8221; header_font=&#8221;&#8211;et_global_body_font|300|||||||&#8221; header_text_color=&#8221;#000000&#8243; global_colors_info=&#8221;{}&#8221;]<\/p>\n<ul>\n<li>Ergonomics<\/li>\n<li>Occupational Toxicology<\/li>\n<li>Nutrition<\/li>\n<li>Sports<\/li>\n<li>Occupational Pathology<\/li>\n<li>Occupational Psychology<\/li>\n<li>Health Breaks<\/li>\n<li>low back pain<\/li>\n<\/ul>\n<p>[\/et_pb_text][\/et_pb_column][\/et_pb_row][et_pb_row column_structure=&#8221;3_5,2_5&#8243; _builder_version=&#8221;4.27.4&#8243; _module_preset=&#8221;default&#8221; global_colors_info=&#8221;{}&#8221;][et_pb_column type=&#8221;3_5&#8243; _builder_version=&#8221;4.27.4&#8243; _module_preset=&#8221;default&#8221; animation_style=&#8221;slide&#8221; animation_direction=&#8221;left&#8221; animation_duration=&#8221;2000ms&#8221; animation_intensity_slide=&#8221;3%&#8221; global_colors_info=&#8221;{}&#8221;][et_pb_heading title=&#8221;Protecci\u00f3n y Vigilancia&#8221; _builder_version=&#8221;4.27.4&#8243; _module_preset=&#8221;default&#8221; title_font=&#8221;&#8211;et_global_heading_font|600|||||||&#8221; title_text_color=&#8221;#000000&#8243; custom_margin=&#8221;52px||||false|false&#8221; custom_margin_tablet=&#8221;-32px||||false|false&#8221; custom_margin_phone=&#8221;0px||||false|false&#8221; custom_margin_last_edited=&#8221;on|desktop&#8221; global_colors_info=&#8221;{}&#8221;][\/et_pb_heading][et_pb_text _builder_version=&#8221;4.27.4&#8243; _module_preset=&#8221;default&#8221; text_font=&#8221;&#8211;et_global_body_font|300|||||||&#8221; text_text_color=&#8221;#000000&#8243; text_font_size=&#8221;16px&#8221; header_font=&#8221;&#8211;et_global_body_font|300|||||||&#8221; header_text_color=&#8221;#000000&#8243; global_colors_info=&#8221;{}&#8221;]<\/p>\n<ul>\n<li>Mexican Safety Legislation.<\/li>\n<li>Theft in all its modalities (ant, vehicles, installations, etc.).<\/li>\n<li>Assaults.<\/li>\n<li>Crime Prevention and Investigation (surveillance and counter-surveillance).<\/li>\n<li>Blackmail and Extortion.<\/li>\n<li>Kidnapping in all its forms.<\/li>\n<li>Executive and Personal Protection.<\/li>\n<li>Route Analysis.<\/li>\n<li>Functions of the Security Detail.<\/li>\n<li>Chauffeur-escort duties.<\/li>\n<li>Formations on foot.<\/li>\n<li>Training in vehicles.<\/li>\n<li>Evasive maneuvers.<\/li>\n<li>Specialized Self-Defense.<\/li>\n<li>Crisis Committee.<\/li>\n<li>Communications Security (information leakage).<\/li>\n<\/ul>\n<p>[\/et_pb_text][\/et_pb_column][et_pb_column type=&#8221;2_5&#8243; _builder_version=&#8221;4.27.4&#8243; _module_preset=&#8221;default&#8221; animation_style=&#8221;slide&#8221; animation_direction=&#8221;right&#8221; animation_duration=&#8221;2000ms&#8221; animation_intensity_slide=&#8221;3%&#8221; global_colors_info=&#8221;{}&#8221;][et_pb_image src=&#8221;https:\/\/securlife.com.mx\/sitio\/wp-content\/uploads\/2025\/01\/Proteccion-y-Vigilancia-1024&#215;683.png&#8221; alt=&#8221;Seguridad Industrial&#8221; title_text=&#8221;Protecci\u00f3n y Vigilancia&#8221; align=&#8221;center&#8221; _builder_version=&#8221;4.27.4&#8243; _module_preset=&#8221;default&#8221; custom_margin=&#8221;188px||||false|false&#8221; custom_margin_tablet=&#8221;0px||||false|false&#8221; custom_margin_phone=&#8221;0px||||false|false&#8221; custom_margin_last_edited=&#8221;on|desktop&#8221; global_colors_info=&#8221;{}&#8221;][\/et_pb_image][\/et_pb_column][\/et_pb_row][et_pb_row column_structure=&#8221;2_5,3_5&#8243; _builder_version=&#8221;4.27.4&#8243; _module_preset=&#8221;default&#8221; custom_margin=&#8221;||35px||false|false&#8221; custom_margin_tablet=&#8221;||35px||false|false&#8221; custom_margin_phone=&#8221;||35px||false|false&#8221; custom_margin_last_edited=&#8221;on|desktop&#8221; global_colors_info=&#8221;{}&#8221;][et_pb_column type=&#8221;2_5&#8243; _builder_version=&#8221;4.27.4&#8243; _module_preset=&#8221;default&#8221; animation_style=&#8221;slide&#8221; animation_direction=&#8221;left&#8221; animation_duration=&#8221;2000ms&#8221; animation_intensity_slide=&#8221;3%&#8221; global_colors_info=&#8221;{}&#8221;][et_pb_image src=&#8221;https:\/\/securlife.com.mx\/sitio\/wp-content\/uploads\/2025\/01\/Asesoria-1024&#215;683.png&#8221; alt=&#8221;Seguridad Industrial&#8221; title_text=&#8221;Asesor\u00eda&#8221; align=&#8221;center&#8221; _builder_version=&#8221;4.27.4&#8243; _module_preset=&#8221;default&#8221; global_colors_info=&#8221;{}&#8221;][\/et_pb_image][\/et_pb_column][et_pb_column type=&#8221;3_5&#8243; _builder_version=&#8221;4.27.4&#8243; _module_preset=&#8221;default&#8221; animation_style=&#8221;slide&#8221; animation_direction=&#8221;right&#8221; animation_duration=&#8221;2000ms&#8221; animation_intensity_slide=&#8221;3%&#8221; global_colors_info=&#8221;{}&#8221;][et_pb_heading title=&#8221;Asesor\u00eda&#8221; _builder_version=&#8221;4.27.4&#8243; _module_preset=&#8221;default&#8221; title_font=&#8221;&#8211;et_global_heading_font|600|||||||&#8221; title_text_color=&#8221;#000000&#8243; custom_margin=&#8221;52px||||false|false&#8221; custom_margin_tablet=&#8221;10px||||false|false&#8221; custom_margin_phone=&#8221;12px||||false|false&#8221; custom_margin_last_edited=&#8221;on|desktop&#8221; global_colors_info=&#8221;{}&#8221;][\/et_pb_heading][et_pb_text _builder_version=&#8221;4.27.4&#8243; _module_preset=&#8221;default&#8221; text_font=&#8221;&#8211;et_global_body_font|300|||||||&#8221; text_text_color=&#8221;#000000&#8243; text_font_size=&#8221;16px&#8221; header_font=&#8221;&#8211;et_global_body_font|300|||||||&#8221; header_text_color=&#8221;#000000&#8243; global_colors_info=&#8221;{}&#8221;]<\/p>\n<ul>\n<li>Industrial Safety, Hygiene, Health and Environment<\/li>\n<li>Administrative Systems<\/li>\n<li>Legal Requirements<\/li>\n<li>Anti-smuggling programs<\/li>\n<\/ul>\n<p>[\/et_pb_text][\/et_pb_column][\/et_pb_row][\/et_pb_section]<\/p>","protected":false},"excerpt":{"rendered":"<p>Contamos con un cat\u00e1logo extenso de cursos, los cuales cuentan con su registro ya sea ante la Secretaria de Trabajo y Prevenci\u00f3n Social (STPS) o Protecci\u00f3n Civil del Estado de Nuevo Le\u00f3n. Brigada contra Incendio Brigada Primeros Auxilios Brigada de evacuaci\u00f3n y rescate Brigada de Materiales Peligrosos (Haz Mat) Comando de Incidentes Control de P\u00e9rdidas [&hellip;]<\/p>","protected":false},"author":1,"featured_media":0,"parent":0,"menu_order":0,"comment_status":"closed","ping_status":"closed","template":"","meta":{"_et_pb_use_builder":"on","_et_pb_old_content":"","_et_gb_content_width":"","footnotes":""},"class_list":["post-1053","page","type-page","status-publish","hentry"],"_links":{"self":[{"href":"https:\/\/securlife.com.mx\/en\/wp-json\/wp\/v2\/pages\/1053","targetHints":{"allow":["GET"]}}],"collection":[{"href":"https:\/\/securlife.com.mx\/en\/wp-json\/wp\/v2\/pages"}],"about":[{"href":"https:\/\/securlife.com.mx\/en\/wp-json\/wp\/v2\/types\/page"}],"author":[{"embeddable":true,"href":"https:\/\/securlife.com.mx\/en\/wp-json\/wp\/v2\/users\/1"}],"replies":[{"embeddable":true,"href":"https:\/\/securlife.com.mx\/en\/wp-json\/wp\/v2\/comments?post=1053"}],"version-history":[{"count":29,"href":"https:\/\/securlife.com.mx\/en\/wp-json\/wp\/v2\/pages\/1053\/revisions"}],"predecessor-version":[{"id":1636,"href":"https:\/\/securlife.com.mx\/en\/wp-json\/wp\/v2\/pages\/1053\/revisions\/1636"}],"wp:attachment":[{"href":"https:\/\/securlife.com.mx\/en\/wp-json\/wp\/v2\/media?parent=1053"}],"curies":[{"name":"wp","href":"https:\/\/api.w.org\/{rel}","templated":true}]}}