{"id":1249,"date":"2025-01-24T17:46:00","date_gmt":"2025-01-24T23:46:00","guid":{"rendered":"https:\/\/securlife.com.mx\/?page_id=1249"},"modified":"2026-03-10T14:08:45","modified_gmt":"2026-03-10T20:08:45","slug":"app","status":"publish","type":"page","link":"https:\/\/securlife.com.mx\/en\/app\/","title":{"rendered":"App"},"content":{"rendered":"<p>[et_pb_section fb_built=&#8221;1&#8243; _builder_version=&#8221;4.27.4&#8243; _module_preset=&#8221;default&#8221; custom_padding=&#8221;142px||0px||false|false&#8221; locked=&#8221;off&#8221; global_colors_info=&#8221;{}&#8221;][et_pb_row column_structure=&#8221;3_5,2_5&#8243; _builder_version=&#8221;4.27.4&#8243; _module_preset=&#8221;default&#8221; global_colors_info=&#8221;{}&#8221;][et_pb_column type=&#8221;3_5&#8243; _builder_version=&#8221;4.27.4&#8243; _module_preset=&#8221;default&#8221; global_colors_info=&#8221;{}&#8221;][et_pb_heading title=&#8221;NUESTRA APP SECURITY &#8221; admin_label=&#8221;Heading&#8221; module_class=&#8221;custom-header&#8221; _builder_version=&#8221;4.27.4&#8243; _module_preset=&#8221;default&#8221; title_font=&#8221;&#8211;et_global_heading_font|900|||||||&#8221; title_text_align=&#8221;left&#8221; title_text_color=&#8221;#FFFFFF&#8221; background_color=&#8221;#1a1a1a&#8221; transform_skew=&#8221;45deg|0deg&#8221; transform_skew_linked=&#8221;off&#8221; custom_margin=&#8221;|||-3em|false|false&#8221; custom_padding=&#8221;1em|3em|1em|4em|true|false&#8221; custom_css_before=&#8221;content:%22%22;||display:block;||position:absolute;||height:1.5px;||width:90%;||background:#1A1A1A;||top:-10%&#8221; custom_css_after=&#8221;content:%22%22;||background:radial-gradient(ellipse at center,  rgba(98,99,100,1) 0%,rgba(42,44,45,1) 100%);;||position:absolute;||display:block;||width:60%;||height:20px;||bottom:-20%;||transform:skewX(45deg) skewY(0deg)&#8221; saved_tabs=&#8221;all&#8221; global_colors_info=&#8221;{}&#8221;][\/et_pb_heading][\/et_pb_column][et_pb_column type=&#8221;2_5&#8243; _builder_version=&#8221;4.27.4&#8243; _module_preset=&#8221;default&#8221; global_colors_info=&#8221;{}&#8221;][\/et_pb_column][\/et_pb_row][et_pb_row column_structure=&#8221;3_5,2_5&#8243; _builder_version=&#8221;4.27.4&#8243; _module_preset=&#8221;default&#8221; custom_margin_tablet=&#8221;-36px||||false|false&#8221; custom_margin_phone=&#8221;-36px||||false|false&#8221; custom_margin_last_edited=&#8221;on|tablet&#8221; custom_padding=&#8221;||75px||false|false&#8221; global_colors_info=&#8221;{}&#8221;][et_pb_column type=&#8221;3_5&#8243; _builder_version=&#8221;4.27.4&#8243; _module_preset=&#8221;default&#8221; global_colors_info=&#8221;{}&#8221;][et_pb_heading title=&#8221;Portal Web&#8221; _builder_version=&#8221;4.27.4&#8243; _module_preset=&#8221;default&#8221; title_level=&#8221;h2&#8243; title_font=&#8221;&#8211;et_global_heading_font|800|||||||&#8221; custom_margin=&#8221;0px||||false|false&#8221; global_colors_info=&#8221;{}&#8221;][\/et_pb_heading][et_pb_text _builder_version=&#8221;4.27.4&#8243; _module_preset=&#8221;default&#8221; text_font_size=&#8221;15px&#8221; custom_margin=&#8221;-22px||||false|false&#8221; header_text_shadow_style=&#8221;preset2&#8243; global_colors_info=&#8221;{}&#8221;]<\/p>\n<div class=\"sr-free\" data-cooltipz-dir=\"bottom-left\" aria-label=\"Click sentence to rephrase\">\n<div class=\"sr-free\" data-cooltipz-dir=\"bottom-left\" aria-label=\"Click sentence to rephrase\"><span style=\"font-weight: 400;\">En la secci\u00f3n de clientes\u00a0 pueden visualizar los reportes de su proyecto correspondiente.<\/span><span style=\"font-weight: 400;\"><br \/><\/span><span style=\"font-weight: 400;\">Los\u00a0 reportes que pueden visualizar son los siguientes:<\/span><\/div>\n<\/div>\n<p>[\/et_pb_text][et_pb_text _builder_version=&#8221;4.27.4&#8243; _module_preset=&#8221;default&#8221; text_font_size=&#8221;15px&#8221; custom_margin=&#8221;-28px||||false|false&#8221; custom_margin_last_edited=&#8221;off|desktop&#8221; header_text_shadow_style=&#8221;preset2&#8243; global_colors_info=&#8221;{}&#8221;]<\/p>\n<div class=\"sr-free\" data-cooltipz-dir=\"bottom-left\" aria-label=\"Click sentence to rephrase\">\n<div class=\"sr-free\" data-cooltipz-dir=\"bottom-left\" aria-label=\"Click sentence to rephrase\">\n<ul>\n<li class=\"sr-free\" data-cooltipz-dir=\"bottom-left\" aria-label=\"Click sentence to rephrase\"><span style=\"font-weight: 400;\">Asistencias<\/span><\/li>\n<li class=\"sr-free\" data-cooltipz-dir=\"bottom-left\" aria-label=\"Click sentence to rephrase\"><span style=\"font-weight: 400;\">Recorridos<\/span><\/li>\n<li class=\"sr-free\" data-cooltipz-dir=\"bottom-left\" aria-label=\"Click sentence to rephrase\"><span style=\"font-weight: 400;\">Incidentes<\/span><\/li>\n<\/ul>\n<\/div>\n<\/div>\n<p>[\/et_pb_text][et_pb_heading title=&#8221;Aplicaci\u00f3n Administraci\u00f3n&#8221; _builder_version=&#8221;4.27.4&#8243; _module_preset=&#8221;default&#8221; title_level=&#8221;h2&#8243; title_font=&#8221;&#8211;et_global_heading_font|800|||||||&#8221; custom_margin=&#8221;-22px||||false|false&#8221; global_colors_info=&#8221;{}&#8221;][\/et_pb_heading][et_pb_text _builder_version=&#8221;4.27.4&#8243; _module_preset=&#8221;default&#8221; text_font_size=&#8221;15px&#8221; custom_margin=&#8221;-22px||||false|false&#8221; header_text_shadow_style=&#8221;preset2&#8243; global_colors_info=&#8221;{}&#8221;]<\/p>\n<div class=\"sr-free\" data-cooltipz-dir=\"bottom-left\" aria-label=\"Click sentence to rephrase\">\n<div class=\"sr-free\" data-cooltipz-dir=\"bottom-left\" aria-label=\"Click sentence to rephrase\">\n<p><span style=\"font-weight: 400;\">La aplicaci\u00f3n de administraci\u00f3n se utiliza como un complemento para el portal web, el cual ayuda a gestionar la informaci\u00f3n del sistema.<\/span><\/p>\n<\/div>\n<\/div>\n<p>[\/et_pb_text][et_pb_heading title=&#8221;Aplicaci\u00f3n Rondines&#8221; _builder_version=&#8221;4.27.4&#8243; _module_preset=&#8221;default&#8221; title_level=&#8221;h2&#8243; title_font=&#8221;&#8211;et_global_heading_font|800|||||||&#8221; custom_margin=&#8221;0px||||false|false&#8221; global_colors_info=&#8221;{}&#8221;][\/et_pb_heading][et_pb_text _builder_version=&#8221;4.27.4&#8243; _module_preset=&#8221;default&#8221; text_font=&#8221;|300|||||||&#8221; text_text_color=&#8221;#000000&#8243; text_font_size=&#8221;15px&#8221; header_font=&#8221;|300|||||||&#8221; custom_margin=&#8221;-22px||||false|false&#8221; header_text_shadow_style=&#8221;preset2&#8243; global_colors_info=&#8221;{}&#8221;]<\/p>\n<div class=\"sr-free\" data-cooltipz-dir=\"bottom-left\" aria-label=\"Click sentence to rephrase\">\n<div class=\"sr-free\" data-cooltipz-dir=\"bottom-left\" aria-label=\"Click sentence to rephrase\">\n<p><span style=\"font-size: 15px;\">Se utiliza para el personal que se encuentra en sitio desempe\u00f1ando los rondines con los clientes.<\/span><\/p>\n<\/div>\n<\/div>\n<p>[\/et_pb_text][et_pb_text _builder_version=&#8221;4.27.4&#8243; _module_preset=&#8221;default&#8221; text_font_size=&#8221;15px&#8221; custom_margin=&#8221;-24px||||false|false&#8221; custom_margin_last_edited=&#8221;off|desktop&#8221; header_text_shadow_style=&#8221;preset2&#8243; global_colors_info=&#8221;{}&#8221;]<\/p>\n<div class=\"sr-free\" data-cooltipz-dir=\"bottom-left\" aria-label=\"Click sentence to rephrase\">\n<div class=\"sr-free\" data-cooltipz-dir=\"bottom-left\" aria-label=\"Click sentence to rephrase\">\n<ul>\n<li class=\"sr-free\" data-cooltipz-dir=\"bottom-left\" aria-label=\"Click sentence to rephrase\"><span style=\"font-weight: 400;\">Captura de entrada y salida de turno. (Asistencia)<\/span><\/li>\n<li class=\"sr-free\" data-cooltipz-dir=\"bottom-left\" aria-label=\"Click sentence to rephrase\"><span style=\"font-weight: 400;\">Chequeos en puntos estrat\u00e9gicos<\/span><span style=\"font-weight: 400;\"><br \/><\/span><span style=\"font-weight: 400;\"><\/span><\/li>\n<li class=\"sr-free\" data-cooltipz-dir=\"bottom-left\" aria-label=\"Click sentence to rephrase\"><span style=\"font-weight: 400;\">Levantamiento de Incidentes<\/span><\/li>\n<\/ul>\n<\/div>\n<\/div>\n<p>[\/et_pb_text][et_pb_heading title=&#8221;Encuesta de Satisfacci\u00f3n&#8221; _builder_version=&#8221;4.27.4&#8243; _module_preset=&#8221;default&#8221; title_level=&#8221;h2&#8243; title_font=&#8221;&#8211;et_global_heading_font|800|||||||&#8221; custom_margin=&#8221;-22px||||false|false&#8221; global_colors_info=&#8221;{}&#8221;][\/et_pb_heading][et_pb_text _builder_version=&#8221;4.27.4&#8243; _module_preset=&#8221;default&#8221; text_font_size=&#8221;15px&#8221; custom_margin=&#8221;-22px||||false|false&#8221; header_text_shadow_style=&#8221;preset2&#8243; global_colors_info=&#8221;{}&#8221;]<\/p>\n<div class=\"sr-free\" data-cooltipz-dir=\"bottom-left\" aria-label=\"Click sentence to rephrase\">\n<div class=\"sr-free\" data-cooltipz-dir=\"bottom-left\" aria-label=\"Click sentence to rephrase\">\n<p><span style=\"font-weight: 400;\">Con esta herramienta, podemos recopilar y analizar la retroalimentaci\u00f3n de nuestros clientes en tiempo real, lo que nos permite tomar medidas correctivas de inmediato para mejorar a\u00fan m\u00e1s la calidad de nuestro servicio.<\/span><\/p>\n<\/div>\n<\/div>\n<p>[\/et_pb_text][\/et_pb_column][et_pb_column type=&#8221;2_5&#8243; _builder_version=&#8221;4.27.4&#8243; _module_preset=&#8221;default&#8221; global_colors_info=&#8221;{}&#8221;][et_pb_image alt=&#8221;Seguridad Industrial&#8221; title_text=&#8221;Applicacion&#8221; align_tablet=&#8221;center&#8221; align_phone=&#8221;center&#8221; align_last_edited=&#8221;on|tablet&#8221; _builder_version=&#8221;4.27.4&#8243; _module_preset=&#8221;default&#8221; height=&#8221;329px&#8221; height_tablet=&#8221;329px&#8221; height_phone=&#8221;250px&#8221; height_last_edited=&#8221;on|phone&#8221; custom_margin=&#8221;216px|-126px|216px|31px|true|false&#8221; custom_margin_tablet=&#8221;-31px|0px|30px|0px|false|true&#8221; custom_margin_phone=&#8221;-34px|-22px|30px|-22px|false|false&#8221; custom_margin_last_edited=&#8221;on|phone&#8221; custom_padding=&#8221;0px|||0px|false|false&#8221; hover_enabled=&#8221;0&#8243; global_colors_info=&#8221;{}&#8221; src=&#8221;https:\/\/securlife.com.mx\/sitio\/wp-content\/uploads\/2026\/03\/Diseno-sin-titulo-1-1.jpg&#8221; sticky_enabled=&#8221;0&#8243;][\/et_pb_image][\/et_pb_column][\/et_pb_row][\/et_pb_section]<\/p>","protected":false},"excerpt":{"rendered":"<p>En la secci\u00f3n de clientes\u00a0 pueden visualizar los reportes de su proyecto correspondiente.Los\u00a0 reportes que pueden visualizar son los siguientes: Asistencias Recorridos Incidentes La aplicaci\u00f3n de administraci\u00f3n se utiliza como un complemento para el portal web, el cual ayuda a gestionar la informaci\u00f3n del sistema. Se utiliza para el personal que se encuentra en sitio [&hellip;]<\/p>","protected":false},"author":1,"featured_media":0,"parent":0,"menu_order":0,"comment_status":"closed","ping_status":"closed","template":"","meta":{"_et_pb_use_builder":"on","_et_pb_old_content":"","_et_gb_content_width":"","footnotes":""},"class_list":["post-1249","page","type-page","status-publish","hentry"],"_links":{"self":[{"href":"https:\/\/securlife.com.mx\/en\/wp-json\/wp\/v2\/pages\/1249","targetHints":{"allow":["GET"]}}],"collection":[{"href":"https:\/\/securlife.com.mx\/en\/wp-json\/wp\/v2\/pages"}],"about":[{"href":"https:\/\/securlife.com.mx\/en\/wp-json\/wp\/v2\/types\/page"}],"author":[{"embeddable":true,"href":"https:\/\/securlife.com.mx\/en\/wp-json\/wp\/v2\/users\/1"}],"replies":[{"embeddable":true,"href":"https:\/\/securlife.com.mx\/en\/wp-json\/wp\/v2\/comments?post=1249"}],"version-history":[{"count":10,"href":"https:\/\/securlife.com.mx\/en\/wp-json\/wp\/v2\/pages\/1249\/revisions"}],"predecessor-version":[{"id":1928,"href":"https:\/\/securlife.com.mx\/en\/wp-json\/wp\/v2\/pages\/1249\/revisions\/1928"}],"wp:attachment":[{"href":"https:\/\/securlife.com.mx\/en\/wp-json\/wp\/v2\/media?parent=1249"}],"curies":[{"name":"wp","href":"https:\/\/api.w.org\/{rel}","templated":true}]}}