{"id":159,"date":"2025-01-14T16:52:00","date_gmt":"2025-01-14T16:52:00","guid":{"rendered":"https:\/\/securlife.com.mx\/?page_id=159"},"modified":"2025-04-10T14:48:50","modified_gmt":"2025-04-10T20:48:50","slug":"servicios","status":"publish","type":"page","link":"https:\/\/securlife.com.mx\/en\/servicios\/","title":{"rendered":"Servicios"},"content":{"rendered":"<p>[et_pb_section fb_built=&#8221;1&#8243; _builder_version=&#8221;4.27.4&#8243; _module_preset=&#8221;default&#8221; background_image=&#8221;https:\/\/securlife.com.mx\/sitio\/wp-content\/uploads\/2025\/01\/gran-edificio-en-el-medio-de-la-ciudad-de-las-montanas-y-debajo-de-el-muchos-coches-en-la-distancia-se-ve-una-gran-colina-y-una-gran-metropolis_preview-14.png&#8221; custom_margin=&#8221;0px||||false|false&#8221; custom_padding=&#8221;126px||126px||true|false&#8221; global_colors_info=&#8221;{}&#8221;][et_pb_row _builder_version=&#8221;4.27.4&#8243; _module_preset=&#8221;default&#8221; global_colors_info=&#8221;{}&#8221;][et_pb_column type=&#8221;4_4&#8243; _builder_version=&#8221;4.27.4&#8243; _module_preset=&#8221;default&#8221; global_colors_info=&#8221;{}&#8221;][et_pb_heading title=&#8221;SERVICIOS&#8221; _builder_version=&#8221;4.27.4&#8243; _module_preset=&#8221;default&#8221; title_font=&#8221;&#8211;et_global_heading_font|900|||||||&#8221; title_text_align=&#8221;center&#8221; title_text_color=&#8221;#FFFFFF&#8221; title_font_size=&#8221;54px&#8221; custom_margin=&#8221;82px||13px||false|false&#8221; animation_style=&#8221;fade&#8221; global_colors_info=&#8221;{}&#8221;][\/et_pb_heading][\/et_pb_column][\/et_pb_row][\/et_pb_section][et_pb_section fb_built=&#8221;1&#8243; admin_label=&#8221;Secci\u00f3n&#8221; _builder_version=&#8221;4.27.4&#8243; _module_preset=&#8221;default&#8221; global_colors_info=&#8221;{}&#8221;][et_pb_row column_structure=&#8221;2_3,1_3&#8243; _builder_version=&#8221;4.27.4&#8243; _module_preset=&#8221;default&#8221; custom_margin=&#8221;||-128px||false|false&#8221; global_colors_info=&#8221;{}&#8221;][et_pb_column type=&#8221;2_3&#8243; _builder_version=&#8221;4.27.4&#8243; _module_preset=&#8221;default&#8221; global_colors_info=&#8221;{}&#8221;][et_pb_heading title=&#8221;MODELO DE NEGOCIO&#8221; module_class=&#8221;custom-header&#8221; _builder_version=&#8221;4.27.4&#8243; _module_preset=&#8221;default&#8221; title_font=&#8221;&#8211;et_global_heading_font|900|||||||&#8221; title_text_align=&#8221;left&#8221; title_text_color=&#8221;#FFFFFF&#8221; background_color=&#8221;#1a1a1a&#8221; transform_skew=&#8221;45deg|0deg&#8221; transform_skew_linked=&#8221;off&#8221; custom_margin=&#8221;|||-3em|false|false&#8221; custom_padding=&#8221;1em|3em|1em|4em|true|false&#8221; custom_css_before=&#8221;content:%22%22;||display:block;||position:absolute;||height:1.5px;||width:90%;||background:#1A1A1A;||top:-10%&#8221; custom_css_after=&#8221;content:%22%22;||background:radial-gradient(ellipse at center,  rgba(98,99,100,1) 0%,rgba(42,44,45,1) 100%);;||position:absolute;||display:block;||width:60%;||height:20px;||bottom:-20%;||transform:skewX(45deg) skewY(0deg)&#8221; saved_tabs=&#8221;all&#8221; global_colors_info=&#8221;{}&#8221;][\/et_pb_heading][\/et_pb_column][et_pb_column type=&#8221;1_3&#8243; _builder_version=&#8221;4.27.4&#8243; _module_preset=&#8221;default&#8221; global_colors_info=&#8221;{}&#8221;][et_pb_image src=&#8221;https:\/\/securlife.com.mx\/sitio\/wp-content\/uploads\/2025\/01\/Frame-280-1.png&#8221; title_text=&#8221;Frame 280&#8243; _builder_version=&#8221;4.27.4&#8243; _module_preset=&#8221;default&#8221; custom_margin=&#8221;|-220px||24px|false|false&#8221; animation_style=&#8221;slide&#8221; animation_direction=&#8221;right&#8221; animation_duration=&#8221;2000ms&#8221; animation_intensity_slide=&#8221;3%&#8221; global_colors_info=&#8221;{}&#8221;][\/et_pb_image][\/et_pb_column][\/et_pb_row][\/et_pb_section][et_pb_section fb_built=&#8221;1&#8243; admin_label=&#8221;Secci\u00f3n&#8221; _builder_version=&#8221;4.27.4&#8243; _module_preset=&#8221;default&#8221; custom_padding=&#8221;106px|||||&#8221; global_colors_info=&#8221;{}&#8221;][et_pb_row column_structure=&#8221;1_3,1_3,1_3&#8243; make_equal=&#8221;on&#8221; admin_label=&#8221;Fila&#8221; module_id=&#8221;servicios-securlife&#8221; _builder_version=&#8221;4.27.4&#8243; _module_preset=&#8221;default&#8221; custom_css_free_form=&#8221;#servicios-securlife .et_pb_main_blurb_image {||margin:0;||width: 100%;||}||||#servicios-securlife .et_pb_main_blurb_image img{||margin:0;||width: 100%;||}||||||#servicios-securlife h3 {||background-color: #000;||width: 100%;||height: 100%;||padding: 1rem;||}||||#servicios-securlife .et_pb_blurb_container {||margin-top: -10px;||}||||#servicios-securlife .et_pb_blurb_description p {||      padding: 1rem;||}||||||#servicios-securlife .et_pb_blurb_content {||      max-width: none!important;||}&#8221; global_colors_info=&#8221;{}&#8221;][et_pb_column type=&#8221;1_3&#8243; _builder_version=&#8221;4.27.4&#8243; _module_preset=&#8221;default&#8221; global_colors_info=&#8221;{}&#8221;][et_pb_blurb url=&#8221;@ET-DC@eyJkeW5hbWljIjp0cnVlLCJjb250ZW50IjoicG9zdF9saW5rX3VybF9wYWdlIiwic2V0dGluZ3MiOnsicG9zdF9pZCI6IjEwMDgifX0=@&#8221; image=&#8221;https:\/\/securlife.com.mx\/sitio\/wp-content\/uploads\/2025\/01\/Proteccion-patrimonial.png&#8221; admin_label=&#8221;Anuncio&#8221; _builder_version=&#8221;4.27.4&#8243; _dynamic_attributes=&#8221;url,link_option_url&#8221; _module_preset=&#8221;default&#8221; header_font=&#8221;|700|||||||&#8221; header_text_align=&#8221;center&#8221; header_text_color=&#8221;#FFFFFF&#8221; header_font_size=&#8221;16px&#8221; header_line_height=&#8221;0em&#8221; height=&#8221;100%&#8221; custom_padding=&#8221;0px||||false|false&#8221; link_option_url=&#8221;@ET-DC@eyJkeW5hbWljIjp0cnVlLCJjb250ZW50IjoicG9zdF9saW5rX3VybF9wYWdlIiwic2V0dGluZ3MiOnsicG9zdF9pZCI6IjEwMDgifX0=@&#8221; hover_enabled=&#8221;0&#8243; border_width_all=&#8221;1px&#8221; global_colors_info=&#8221;{}&#8221; sticky_enabled=&#8221;0&#8243;]<\/p>\n<h3 style=\"color: #ffffff; text-align: center;\">Patrimonial Protection<\/h3>\n<p style=\"text-align: justify;\">We offer highly trained security personnel selected by strict criteria, which provides personalized vigilance to reliably fulfill our customers' security needs.<\/p>\n<p>[\/et_pb_blurb][\/et_pb_column][et_pb_column type=&#8221;1_3&#8243; _builder_version=&#8221;4.27.4&#8243; _module_preset=&#8221;default&#8221; global_colors_info=&#8221;{}&#8221;][et_pb_blurb url=&#8221;@ET-DC@eyJkeW5hbWljIjp0cnVlLCJjb250ZW50IjoicG9zdF9saW5rX3VybF9wYWdlIiwic2V0dGluZ3MiOnsicG9zdF9pZCI6IjEwMjEifX0=@&#8221; image=&#8221;https:\/\/securlife.com.mx\/sitio\/wp-content\/uploads\/2025\/03\/DSC_1364-300&#215;200.jpeg&#8221; _builder_version=&#8221;4.27.4&#8243; _dynamic_attributes=&#8221;url,link_option_url&#8221; _module_preset=&#8221;default&#8221; header_font=&#8221;|700|||||||&#8221; header_text_align=&#8221;center&#8221; header_text_color=&#8221;#FFFFFF&#8221; header_font_size=&#8221;16px&#8221; header_line_height=&#8221;0em&#8221; height=&#8221;100%&#8221; custom_padding=&#8221;0px||||false|false&#8221; link_option_url=&#8221;@ET-DC@eyJkeW5hbWljIjp0cnVlLCJjb250ZW50IjoicG9zdF9saW5rX3VybF9wYWdlIiwic2V0dGluZ3MiOnsicG9zdF9pZCI6IjEwMjEifX0=@&#8221; hover_enabled=&#8221;0&#8243; border_width_all=&#8221;1px&#8221; global_colors_info=&#8221;{}&#8221; sticky_enabled=&#8221;0&#8243;]<\/p>\n<h3 style=\"color: #fff; text-align: center;\">Protection and Transport of Assets and Valuables<\/h3>\n<p style=\"text-align: justify;\">We provide professional custody with cutting-edge technology and specialized personnel, ensuring safe and efficient transport of valuables and assets.<\/p>\n<p>[\/et_pb_blurb][\/et_pb_column][et_pb_column type=&#8221;1_3&#8243; _builder_version=&#8221;4.27.4&#8243; _module_preset=&#8221;default&#8221; global_colors_info=&#8221;{}&#8221;][et_pb_blurb url=&#8221;@ET-DC@eyJkeW5hbWljIjp0cnVlLCJjb250ZW50IjoicG9zdF9saW5rX3VybF9wYWdlIiwic2V0dGluZ3MiOnsicG9zdF9pZCI6IjEwMzMifX0=@&#8221; image=&#8221;https:\/\/securlife.com.mx\/sitio\/wp-content\/uploads\/2025\/01\/Proteccion-ejecutiva-2.png&#8221; _builder_version=&#8221;4.27.4&#8243; _dynamic_attributes=&#8221;url,link_option_url&#8221; _module_preset=&#8221;default&#8221; header_font=&#8221;|700|||||||&#8221; header_text_align=&#8221;center&#8221; header_text_color=&#8221;#FFFFFF&#8221; header_font_size=&#8221;16px&#8221; header_line_height=&#8221;0em&#8221; height=&#8221;100%&#8221; custom_padding=&#8221;0px||||false|false&#8221; link_option_url=&#8221;@ET-DC@eyJkeW5hbWljIjp0cnVlLCJjb250ZW50IjoicG9zdF9saW5rX3VybF9wYWdlIiwic2V0dGluZ3MiOnsicG9zdF9pZCI6IjEwMzMifX0=@&#8221; hover_enabled=&#8221;0&#8243; border_width_all=&#8221;1px&#8221; global_colors_info=&#8221;{}&#8221; sticky_enabled=&#8221;0&#8243;]<\/p>\n<h3 style=\"color: #fff; text-align: center;\"><span class=\"misspelling correction\" data-type=\"misspelling\" data-suggestions=\"[{&quot;value&quot;:&quot;PROTECCI\u00d3N&quot;},{&quot;value&quot;:&quot;PROYECCI\u00d3N&quot;}]\" data-rule=\"MORFOLOGIK_RULE_ES\" title=\"Se ha encontrado un posible error ortogr\u00e1fico.\" data-word=\"PROTECCION\">Protection<span> and Executive Transport<\/span><\/span><\/h3>\n<p style=\"text-align: justify;\">We guarantee the integrity of our customers with a personalized security detail thanks to personnel trained in national standards, ready to face any threat.<\/p>\n<p>[\/et_pb_blurb][\/et_pb_column][\/et_pb_row][et_pb_row column_structure=&#8221;1_3,1_3,1_3&#8243; make_equal=&#8221;on&#8221; module_id=&#8221;servicios-securlife&#8221; _builder_version=&#8221;4.27.4&#8243; _module_preset=&#8221;default&#8221; global_colors_info=&#8221;{}&#8221;][et_pb_column type=&#8221;1_3&#8243; admin_label=&#8221;Columna&#8221; _builder_version=&#8221;4.27.4&#8243; _module_preset=&#8221;default&#8221; global_colors_info=&#8221;{}&#8221;][et_pb_blurb url=&#8221;@ET-DC@eyJkeW5hbWljIjp0cnVlLCJjb250ZW50IjoicG9zdF9saW5rX3VybF9wYWdlIiwic2V0dGluZ3MiOnsicG9zdF9pZCI6IjEwNDYifX0=@&#8221; image=&#8221;https:\/\/securlife.com.mx\/sitio\/wp-content\/uploads\/2025\/01\/Seguridad-electronica.png&#8221; _builder_version=&#8221;4.27.4&#8243; _dynamic_attributes=&#8221;url,link_option_url&#8221; _module_preset=&#8221;default&#8221; header_font=&#8221;|700|||||||&#8221; header_text_align=&#8221;center&#8221; header_text_color=&#8221;#FFFFFF&#8221; header_font_size=&#8221;16px&#8221; header_line_height=&#8221;0em&#8221; height=&#8221;100%&#8221; custom_padding=&#8221;0px||||false|false&#8221; link_option_url=&#8221;@ET-DC@eyJkeW5hbWljIjp0cnVlLCJjb250ZW50IjoicG9zdF9saW5rX3VybF9wYWdlIiwic2V0dGluZ3MiOnsicG9zdF9pZCI6IjEwNDYifX0=@&#8221; hover_enabled=&#8221;0&#8243; border_width_all=&#8221;1px&#8221; global_colors_info=&#8221;{}&#8221; sticky_enabled=&#8221;0&#8243;]<\/p>\n<h3 style=\"color: #fff; text-align: center;\">Electronic Safety<\/h3>\n<p style=\"text-align: justify;\">We provide innovative and reliable solutions in electronic security, optimizing productivity, communications and operation costs, designed to provide maximum protection to our customers.<\/p>\n<p>[\/et_pb_blurb][\/et_pb_column][et_pb_column type=&#8221;1_3&#8243; _builder_version=&#8221;4.27.4&#8243; _module_preset=&#8221;default&#8221; global_colors_info=&#8221;{}&#8221;][et_pb_blurb url=&#8221;@ET-DC@eyJkeW5hbWljIjp0cnVlLCJjb250ZW50IjoicG9zdF9saW5rX3VybF9wYWdlIiwic2V0dGluZ3MiOnsicG9zdF9pZCI6IjEwNTMifX0=@&#8221; image=&#8221;https:\/\/securlife.com.mx\/sitio\/wp-content\/uploads\/2025\/01\/Capacitacion-y-desarrollo.png&#8221; _builder_version=&#8221;4.27.4&#8243; _dynamic_attributes=&#8221;url,link_option_url&#8221; _module_preset=&#8221;default&#8221; header_font=&#8221;|700|||||||&#8221; header_text_align=&#8221;center&#8221; header_text_color=&#8221;#FFFFFF&#8221; header_font_size=&#8221;16px&#8221; header_line_height=&#8221;0em&#8221; height=&#8221;100%&#8221; custom_padding=&#8221;0px||||false|false&#8221; link_option_url=&#8221;@ET-DC@eyJkeW5hbWljIjp0cnVlLCJjb250ZW50IjoicG9zdF9saW5rX3VybF9wYWdlIiwic2V0dGluZ3MiOnsicG9zdF9pZCI6IjEwNTMifX0=@&#8221; hover_enabled=&#8221;0&#8243; border_width_all=&#8221;1px&#8221; global_colors_info=&#8221;{}&#8221; sticky_enabled=&#8221;0&#8243;]<\/p>\n<h3 style=\"color: #fff; text-align: center;\">Training and Development<\/h3>\n<p style=\"text-align: justify;\">We offer training certifications registered with the Secretariat of Labor and Social Welfare (STPS) as well as Civil Protection, designed to promote skills and development, meeting professional training standards.<\/p>\n<p>[\/et_pb_blurb][\/et_pb_column][et_pb_column type=&#8221;1_3&#8243; _builder_version=&#8221;4.27.4&#8243; _module_preset=&#8221;default&#8221; global_colors_info=&#8221;{}&#8221;][et_pb_blurb url=&#8221;@ET-DC@eyJkeW5hbWljIjp0cnVlLCJjb250ZW50IjoicG9zdF9saW5rX3VybF9wYWdlIiwic2V0dGluZ3MiOnsicG9zdF9pZCI6IjEwNjAifX0=@&#8221; image=&#8221;https:\/\/securlife.com.mx\/sitio\/wp-content\/uploads\/2025\/01\/Seguridad-industrial.png&#8221; _builder_version=&#8221;4.27.4&#8243; _dynamic_attributes=&#8221;url,link_option_url&#8221; _module_preset=&#8221;default&#8221; header_font=&#8221;|700|||||||&#8221; header_text_align=&#8221;center&#8221; header_text_color=&#8221;#FFFFFF&#8221; header_font_size=&#8221;16px&#8221; header_line_height=&#8221;0em&#8221; height=&#8221;100%&#8221; custom_padding=&#8221;0px||||false|false&#8221; link_option_url=&#8221;@ET-DC@eyJkeW5hbWljIjp0cnVlLCJjb250ZW50IjoicG9zdF9saW5rX3VybF9wYWdlIiwic2V0dGluZ3MiOnsicG9zdF9pZCI6IjEwNjAifX0=@&#8221; hover_enabled=&#8221;0&#8243; border_width_all=&#8221;1px&#8221; global_colors_info=&#8221;{}&#8221; sticky_enabled=&#8221;0&#8243;]<\/p>\n<h3 style=\"color: #fff; text-align: center;\">Property, Industrial and Civil Security<\/h3>\n<p style=\"text-align: justify;\">Our training backed by the STPS and Civil Protection is designed to guarantee compliance with industry standards, improving the security and skills of our personnel.<\/p>\n<p>[\/et_pb_blurb][\/et_pb_column][\/et_pb_row][\/et_pb_section]<\/p>","protected":false},"excerpt":{"rendered":"<p>Protecci\u00f3n Patrimonial Ofrecemos guardias de seguridad altamente capacitados y seleccionados mediante estrictos controles, brindando vigilancia personalizada para cubrir las necesidades de seguridad de nuestros clientes de manera confiable.Protecci\u00f3n y Traslado de Bienes y Valores Proveemos custodia profesional con tecnolog\u00eda avanzada y personal especializado, asegurando el traslado y protecci\u00f3n de bienes o valores de manera eficiente [&hellip;]<\/p>","protected":false},"author":1,"featured_media":0,"parent":0,"menu_order":0,"comment_status":"closed","ping_status":"closed","template":"","meta":{"_et_pb_use_builder":"on","_et_pb_old_content":"","_et_gb_content_width":"","footnotes":""},"class_list":["post-159","page","type-page","status-publish","hentry"],"_links":{"self":[{"href":"https:\/\/securlife.com.mx\/en\/wp-json\/wp\/v2\/pages\/159","targetHints":{"allow":["GET"]}}],"collection":[{"href":"https:\/\/securlife.com.mx\/en\/wp-json\/wp\/v2\/pages"}],"about":[{"href":"https:\/\/securlife.com.mx\/en\/wp-json\/wp\/v2\/types\/page"}],"author":[{"embeddable":true,"href":"https:\/\/securlife.com.mx\/en\/wp-json\/wp\/v2\/users\/1"}],"replies":[{"embeddable":true,"href":"https:\/\/securlife.com.mx\/en\/wp-json\/wp\/v2\/comments?post=159"}],"version-history":[{"count":72,"href":"https:\/\/securlife.com.mx\/en\/wp-json\/wp\/v2\/pages\/159\/revisions"}],"predecessor-version":[{"id":1794,"href":"https:\/\/securlife.com.mx\/en\/wp-json\/wp\/v2\/pages\/159\/revisions\/1794"}],"wp:attachment":[{"href":"https:\/\/securlife.com.mx\/en\/wp-json\/wp\/v2\/media?parent=159"}],"curies":[{"name":"wp","href":"https:\/\/api.w.org\/{rel}","templated":true}]}}