{"id":1863,"date":"2026-01-15T15:26:04","date_gmt":"2026-01-15T21:26:04","guid":{"rendered":"https:\/\/securlife.com.mx\/?page_id=1863"},"modified":"2026-01-15T17:29:42","modified_gmt":"2026-01-15T23:29:42","slug":"cumplimiento","status":"publish","type":"page","link":"https:\/\/securlife.com.mx\/en\/cumplimiento\/","title":{"rendered":"Cumplimiento"},"content":{"rendered":"<p><\/p>\n\n\n\n<p><\/p>\n\n\n\n<p><\/p>\n\n\n\n<p><\/p>\n\n\n\n<p><\/p>\n\n\n\n<p><\/p>\n\n\n\n<p><\/p>\n\n\n\n<p><\/p>\n\n\n\n<h1 class=\"wp-block-heading\">Cumplimiento<\/h1>\n\n\n\n<p>DECLARACI\u00d3N DE POL\u00cdTICA SOBRE DERECHOS HUMANOS<\/p>\n\n\n\n<p><br>En SECURLIFE , empresa dedicada a la prestaci\u00f3n de servicios de seguridad privada,<br>reconocemos nuestra responsabilidad de respetar, proteger y promover los derechos<br>humanos en todas nuestras operaciones y relaciones comerciales.<\/p>\n\n\n\n<ol class=\"wp-block-list\">\n<li><strong>COMPROMISO GENERAL<\/strong><br>Nos comprometemos a actuar conforme a la legislaci\u00f3n aplicable y a los est\u00e1ndares<br>internacionales de derechos humanos, integrando este compromiso en nuestras decisiones<br>operativas y estrat\u00e9gicas.<\/li>\n\n\n\n<li><strong>ALCANCE<\/strong><br>Esta pol\u00edtica aplica a todos los empleados, directivos, contratistas y proveedores directos<br>involucrados en nuestras operaciones.<\/li>\n\n\n\n<li><strong>MARCOS DE REFERENCIA<\/strong><br>Nuestra actuaci\u00f3n se basa en:<\/li>\n<\/ol>\n\n\n\n<ul class=\"wp-block-list\">\n<li>Declaraci\u00f3n Universal de los Derechos Humanos<\/li>\n\n\n\n<li>Principios Rectores sobre las Empresas y los Derechos Humanos de la ONU<\/li>\n\n\n\n<li>Normas Laborales Fundamentales de la OIT<\/li>\n<\/ul>\n\n\n\n<ol class=\"wp-block-list\">\n<li><strong>PRINCIPIOS CLAVE<\/strong><br>Prohibimos el trabajo infantil, forzado y cualquier forma de esclavitud moderna.<br>Promovemos condiciones laborales seguras, salarios dignos y un entorno libre de<br>discriminaci\u00f3n y acoso.<br>Exigimos el uso responsable, legal y proporcional de la fuerza en la prestaci\u00f3n de servicios<br>de seguridad.<\/li>\n\n\n\n<li><strong>GESTI\u00d3N DE RIESGOS<\/strong><br>Identificamos y gestionamos riesgos de derechos humanos principalmente en nuestras<br>propias operaciones y servicios.<\/li>\n\n\n\n<li><strong>MECANISMO DE QUEJAS<\/strong><br>Contamos con un mecanismo confidencial de recepci\u00f3n de quejas, sin represalias, y con<br>procesos de investigaci\u00f3n adecuados.<\/li>\n\n\n\n<li><strong>FORMACI\u00d3N<\/strong><br>profesional.<br>Promovemos la capacitaci\u00f3n del personal en derechos humanos, \u00e9tica y conducta<\/li>\n\n\n\n<li><strong>MEJORA CONTINUA<\/strong><br>Esta pol\u00edtica ser\u00e1 revisada peri\u00f3dicamente para asegurar su vigencia y efectividad.<\/li>\n\n\n\n<li><strong>COMUNICACI\u00d3N<\/strong><br>La pol\u00edtica se comunica internamente y est\u00e1 disponible al p\u00fablico.<\/li>\n\n\n\n<li><strong>APROBACI\u00d3N<\/strong><br>Aprobada por la Alta Direcci\u00f3n.<br>                                                                                                                                                                                                                                                                                                                                          <em>Fecha de entrada en vigor: [31\/08\/2006]<\/em><\/li>\n<\/ol>","protected":false},"excerpt":{"rendered":"<p>Cumplimiento DECLARACI\u00d3N DE POL\u00cdTICA SOBRE DERECHOS HUMANOS En SECURLIFE , empresa dedicada a la prestaci\u00f3n de servicios de seguridad privada,reconocemos nuestra responsabilidad de respetar, proteger y promover los derechoshumanos en todas nuestras operaciones y relaciones comerciales.<\/p>","protected":false},"author":2,"featured_media":0,"parent":0,"menu_order":0,"comment_status":"closed","ping_status":"closed","template":"","meta":{"_et_pb_use_builder":"off","_et_pb_old_content":"","_et_gb_content_width":"1080","footnotes":""},"class_list":["post-1863","page","type-page","status-publish","hentry"],"_links":{"self":[{"href":"https:\/\/securlife.com.mx\/en\/wp-json\/wp\/v2\/pages\/1863","targetHints":{"allow":["GET"]}}],"collection":[{"href":"https:\/\/securlife.com.mx\/en\/wp-json\/wp\/v2\/pages"}],"about":[{"href":"https:\/\/securlife.com.mx\/en\/wp-json\/wp\/v2\/types\/page"}],"author":[{"embeddable":true,"href":"https:\/\/securlife.com.mx\/en\/wp-json\/wp\/v2\/users\/2"}],"replies":[{"embeddable":true,"href":"https:\/\/securlife.com.mx\/en\/wp-json\/wp\/v2\/comments?post=1863"}],"version-history":[{"count":8,"href":"https:\/\/securlife.com.mx\/en\/wp-json\/wp\/v2\/pages\/1863\/revisions"}],"predecessor-version":[{"id":1878,"href":"https:\/\/securlife.com.mx\/en\/wp-json\/wp\/v2\/pages\/1863\/revisions\/1878"}],"wp:attachment":[{"href":"https:\/\/securlife.com.mx\/en\/wp-json\/wp\/v2\/media?parent=1863"}],"curies":[{"name":"wp","href":"https:\/\/api.w.org\/{rel}","templated":true}]}}